{"id":726,"date":"2020-08-15T12:43:17","date_gmt":"2020-08-15T12:43:17","guid":{"rendered":"http:\/\/digiturunc.com\/domains\/"},"modified":"2021-05-01T12:17:16","modified_gmt":"2021-05-01T12:17:16","slug":"domains","status":"publish","type":"page","link":"https:\/\/www.digiturunc.com\/tr\/domains\/","title":{"rendered":"Register domain or Transfer Your Domain Now"},"content":{"rendered":"<div class=\"lazyblock-inner-page-banner-Z7ktwg wp-block-lazyblock-inner-page-banner\"><div class=\"vps-banner-con col-xl-12\" style=\"background-image: url('https:\/\/cdn.digiturunc.com\/media\/vps-banner.png') !important;\">\r\n  <section class=\"container\">\r\n    <div class=\"row\">  \r\n        <div class=\"vps-banner color-fff col-xl-12\">\r\n            <div class=\"col-xl-6 col-lg-7 p-0 float-left\">\r\n                <h1 class=\"font-700 mb-3 pt-xl-5 pt-3\">Etki Alan\u0131n\u0131z\u0131 Kaydedin veya \u015eimdi Alan\u0131n\u0131z\u0131 Transfer Edin<\/h1>\r\n                <p class=\"mb-0 font-400\">\u015eimdi En \u0130yi Fiyatla Alan Ad\u0131n\u0131z\u0131 Kaydedin. Bug\u00fcn\u00fcn En \u0130yi ve G\u00fcvenli Alan Paneli ile \u0130\u015finizi Garanti Edin<\/p>                    \r\n            <\/div>\r\n            <div class=\"col-xl-6 col-lg-5 float-left text-right vps-mascot\"><img decoding=\"async\" src=\"https:\/\/cdn.digiturunc.com\/media\/domain-mascot.png\" alt=\"\" \/><\/div>\r\n        <!-- vps-banner -->\r\n        <\/div>\r\n    <!-- row -->\r\n    <\/div>\r\n    <!-- container -->\r\n    <\/section>\r\n<!-- vps-banner-con -->\r\n<\/div><\/div>\n\n<div class=\"wp-bootstrap-blocks-container container mb-2\">\n\t\n<div class=\"wp-bootstrap-blocks-row row text-center padding-bottom\">\n\t\n\n<div class=\"col-12 col-md-12\">\n\t\t\t\n<div class=\"lazyblock-domain-search-1tmis1 padding-bottom wp-block-lazyblock-domain-search\">  \n<div class=\"order-domain text-center padding-top col-xl-12\">\n    <h2 class=\"font-600 mb-xl-5 mb-3 color-333\" data-aos=\"fade-up\" data-aos-duration=\"700\">Yeni Alan Ad\u0131 Sipari\u015f Et<\/h2>  \n        <ul class=\"nav nav-tabs font-700\" data-aos=\"fade-up\" data-aos-duration=\"800\">\n        <li class=\"nav-item\">\n            <a class=\"nav-link active\" data-toggle=\"tab\" href=\"#Register\">Yeni Alan Ad\u0131 Sipari\u015f Et<\/a>\n        <\/li>\n        <li class=\"nav-item\">\n            <a class=\"nav-link\" data-toggle=\"tab\" href=\"#Transfer\">Digiturunc&#8217;a Transfer<\/a>\n        <\/li> \n        <\/ul>\n        <div class=\"tab-content\">\n        <div class=\"tab-pane active\" id=\"Register\">\n            <div class=\"search-bar mb-4 position-relative text-left\" data-aos=\"fade-up\" data-aos-duration=\"900\">\n                <form action=\"https:\/\/my.digiturunc.com\/cart.php?a=add&#038;domain=register\" method=\"post\">\n                    <input class=\"text-left\" name=\"query\" type=\"text\" placeholder=\"Type your domain name\" \/>\n                    <button class=\"position-absolute font-18\" name=\"\" type=\"submit\"><i class=\"fas fa-search\"><\/i><\/button>\n                <\/form>\n            <!-- search-bar -->\n            <\/div>\n            <ul class=\"domain-extensions list-unstyled\" data-aos=\"fade-up\" data-aos-duration=\"1100\">\n                                    <li class=\"d-inline-block align-top\"> <span class=\"image sprite-com\"><\/span> <span\n\t\t\t\t\t  class='usdtotl' >12.00$<\/span><\/li>\n\n                                    <li class=\"d-inline-block align-top\"> <span class=\"image sprite-xyz\"><\/span> <span\n\t\t\t\t\t  class='usdtotl' >14.00$<\/span><\/li>\n\n                                    <li class=\"d-inline-block align-top\"> <span class=\"image sprite-net\"><\/span> <span\n\t\t\t\t\t  class='usdtotl' >12.99$<\/span><\/li>\n\n                                    <li class=\"d-inline-block align-top\"> <span class=\"image sprite-org\"><\/span> <span\n\t\t\t\t\t  class='usdtotl' >11.99$<\/span><\/li>\n\n                                    <li class=\"d-inline-block align-top\"> <span class=\"image sprite-info\"><\/span> <span\n\t\t\t\t\t  class='usdtotl' >12.99$<\/span><\/li>\n\n                                               \n            <\/ul>\n        <!-- Register -->\n        <\/div>\n        <div class=\"tab-pane fade\" id=\"Transfer\">\n            <div class=\"search-bar mb-4 position-relative text-left\">\n                <form action=\"https:\/\/my.digiturunc.com\/cart.php?a=add&#038;domain=transfer\" method=\"post\">\n                    <input class=\"text-left\" name=\"query\" type=\"text\" placeholder=\"Type your domain name\" \/>\n                    <button class=\"position-absolute font-18\" name=\"\" type=\"submit\"><i class=\"fas fa-search\"><\/i><\/button>\n                <\/form>\n            <!-- search-bar -->\n            <\/div>\n            <ul class=\"domain-extensions list-unstyled\">\n                <li class=\"d-inline-block align-top\"><span class=\"image sprite-com\"><\/span> 546.09 TL<\/li>\n\n\n                    <li class=\"d-inline-block align-top\"><span class=\"image sprite-xyz\"><\/span> 637.1 TL<\/li>\n\n\n                    <li class=\"d-inline-block align-top\"><span class=\"image sprite-net\"><\/span> 591.14 TL<\/li>\n\n\n                    <li class=\"d-inline-block align-top\"><span class=\"image sprite-org\"><\/span> 545.63 TL<\/li>\n\n\n                    <li class=\"d-inline-block align-top\"><span class=\"image sprite-info\"><\/span> 591.14 TL<\/li>\n\n\n                  \n            <\/ul>\n        <!-- Transfer -->\n        <\/div>\n        <!-- tab-content  -->\n        <\/div>\n<!-- order-domain -->\n<\/div><\/div>\n\t<\/div>\n\n\n\n<div class=\"col-12 col-md-12\">\n\t\t\t\n\n<table id=\"domainPriceClient\" class=\"display\" cellspacing=\"0\" width=\"100%\">\n\n    <thead>\n\n        <tr>\n\n            <th>TLD<\/th>\n\n            <th>Kay\u0131t olmak<\/th>\t\t\t\t\t\t\n\n            <th>Aktar<\/th>\t\t\t\n\n            <th>Yenile<\/th>\n\n            \n\n        <\/tr>\n\n    <\/thead>\n\n    <tbody>\n\n                    <tr>\n\n                <td>.com<\/td>\n\n                <td class='usdtotl tld' >12.00 $ <\/td>\n\n                <td class='usdtotl tld' >12.00 $ <\/td>\n\n                <td class='usdtotl tld' >12.00 $ <\/td>\n\n            <\/tr>\n\n\n                    <tr>\n\n                <td>.xyz<\/td>\n\n                <td class='usdtotl tld' >14.00 $ <\/td>\n\n                <td class='usdtotl tld' >14.00 $ <\/td>\n\n                <td class='usdtotl tld' >14.00 $ <\/td>\n\n            <\/tr>\n\n\n                    <tr>\n\n                <td>.net<\/td>\n\n                <td class='usdtotl tld' >12.99 $ <\/td>\n\n                <td class='usdtotl tld' >12.99 $ <\/td>\n\n                <td class='usdtotl tld' >12.99 $ <\/td>\n\n            <\/tr>\n\n\n                    <tr>\n\n                <td>.org<\/td>\n\n                <td class='usdtotl tld' >11.99 $ <\/td>\n\n                <td class='usdtotl tld' >11.99 $ <\/td>\n\n                <td class='usdtotl tld' >11.99 $ <\/td>\n\n            <\/tr>\n\n\n                    <tr>\n\n                <td>.info<\/td>\n\n                <td class='usdtotl tld' >12.99 $ <\/td>\n\n                <td class='usdtotl tld' >12.99 $ <\/td>\n\n                <td class='usdtotl tld' >12.99 $ <\/td>\n\n            <\/tr>\n\n\n                    <tr>\n\n                <td>.co<\/td>\n\n                <td class='usdtotl tld' >23.99 $ <\/td>\n\n                <td class='usdtotl tld' >23.99 $ <\/td>\n\n                <td class='usdtotl tld' >23.99 $ <\/td>\n\n            <\/tr>\n\n\n                    <tr>\n\n                <td>.name<\/td>\n\n                <td class='usdtotl tld' >9.50 $ <\/td>\n\n                <td class='usdtotl tld' >9.50 $ <\/td>\n\n                <td class='usdtotl tld' >9.50 $ <\/td>\n\n            <\/tr>\n\n\n                    <tr>\n\n                <td>.biz<\/td>\n\n                <td class='usdtotl tld' >12.50 $ <\/td>\n\n                <td class='usdtotl tld' >12.50 $ <\/td>\n\n                <td class='usdtotl tld' >12.50 $ <\/td>\n\n            <\/tr>\n\n\n                    <tr>\n\n                <td>.me<\/td>\n\n                <td class='usdtotl tld' >18.00 $ <\/td>\n\n                <td class='usdtotl tld' >18.00 $ <\/td>\n\n                <td class='usdtotl tld' >18.00 $ <\/td>\n\n            <\/tr>\n\n\n                    <tr>\n\n                <td>.club<\/td>\n\n                <td class='usdtotl tld' >10.00 $ <\/td>\n\n                <td class='usdtotl tld' >10.00 $ <\/td>\n\n                <td class='usdtotl tld' >10.00 $ <\/td>\n\n            <\/tr>\n\n\n                    <tr>\n\n                <td>.org.tr<\/td>\n\n                <td class='usdtotl tld' >8.00 $ <\/td>\n\n                <td class='usdtotl tld' >8.00 $ <\/td>\n\n                <td class='usdtotl tld' >8.00 $ <\/td>\n\n            <\/tr>\n\n\n                    <tr>\n\n                <td>.net.tr<\/td>\n\n                <td class='usdtotl tld' >8.00 $ <\/td>\n\n                <td class='usdtotl tld' >8.00 $ <\/td>\n\n                <td class='usdtotl tld' >8.00 $ <\/td>\n\n            <\/tr>\n\n\n                    <tr>\n\n                <td>.com.tr<\/td>\n\n                <td class='usdtotl tld' >8.50 $ <\/td>\n\n                <td class='usdtotl tld' >8.50 $ <\/td>\n\n                <td class='usdtotl tld' >8.50 $ <\/td>\n\n            <\/tr>\n\n\n                    <tr>\n\n                <td>.pro<\/td>\n\n                <td class='usdtotl tld' >13.99 $ <\/td>\n\n                <td class='usdtotl tld' >13.99 $ <\/td>\n\n                <td class='usdtotl tld' >13.99 $ <\/td>\n\n            <\/tr>\n\n\n        \n    <\/tbody>\n\n<\/table>\n\n\t<\/div>\n\n<\/div>\n\n<\/div>\n\n\n<div class=\"lazyblock-support-2szOKp wp-block-lazyblock-support\"><div class=\"main-box support text-center padding-top padding-bottom\">\r\n\t    <section class=\"container\">\r\n\t      <div class=\"row\">\r\n\t            <h2 class=\"font-600 mb-xl-5 mb-3 w-100 color-fff\" data-aos=\"fade-up\" data-aos-duration=\"700\">7\/24 DESTEK<\/h2>    \r\n\t\t\t\t\t\t\t\t\t\r\n\t\t            <div class=\"col-xl-4 col-lg-4 mb-xl-0 mb-lg-0 mb-3\">\r\n\t\t                <aside class=\"support-box font-300 background-fff\">  \r\n\t\t                    <figure class=\"mb-4\" data-aos=\"flip-right\" data-aos-duration=\"700\"><img decoding=\"async\" src=\"https:\/\/cdn.digiturunc.com\/media\/support-icon1.png\" alt=\"\"\/><\/figure>\r\n\t\t                    <h4 class=\"mb-3 color-333 font-600\" data-aos=\"fade-up\" data-aos-duration=\"700\">7 g\u00fcn 24 saat destek<\/h4>\r\n\t\t                    <p class=\"mb-0\" data-aos=\"fade-up\" data-aos-duration=\"900\">Uzman teknik kadromuz ile Kiral\u0131k Sunucu\u2019lar\u0131m\u0131zda 7\/24 hardware ve software destek imkan\u0131 sunmaktay\u0131z . Destek taleplerinizi 7\/24 ticket, mail veya telefonla ger\u00e7ekle\u015ftirebilirsiniz.<\/p>\r\n\t\t                <!-- support-box -->\r\n\t\t                <\/aside>\r\n\t\t            <\/div>\r\n\t\t       \t\t\t\t\t\r\n\t\t            <div class=\"col-xl-4 col-lg-4 mb-xl-0 mb-lg-0 mb-3\">\r\n\t\t                <aside class=\"support-box font-300 background-fff\">  \r\n\t\t                    <figure class=\"mb-4\" data-aos=\"flip-right\" data-aos-duration=\"700\"><img decoding=\"async\" src=\"https:\/\/cdn.digiturunc.com\/media\/support-icon2.png\" alt=\"\"\/><\/figure>\r\n\t\t                    <h4 class=\"mb-3 color-333 font-600\" data-aos=\"fade-up\" data-aos-duration=\"700\">HIZLI KURULUM<\/h4>\r\n\t\t                    <p class=\"mb-0\" data-aos=\"fade-up\" data-aos-duration=\"900\">Uzman teknik kadromuz ile Kiral\u0131k Sunucu\u2019lar\u0131m\u0131zda 7\/24 hardware ve software destek imkan\u0131 sunmaktay\u0131z . Destek taleplerinizi 7\/24 ticket, mail veya telefonla ger\u00e7ekle\u015ftirebilirsiniz.<\/p>\r\n\t\t                <!-- support-box -->\r\n\t\t                <\/aside>\r\n\t\t            <\/div>\r\n\t\t       \t\t\t\t\t\r\n\t\t            <div class=\"col-xl-4 col-lg-4 mb-xl-0 mb-lg-0 mb-3\">\r\n\t\t                <aside class=\"support-box font-300 background-fff\">  \r\n\t\t                    <figure class=\"mb-4\" data-aos=\"flip-right\" data-aos-duration=\"700\"><img decoding=\"async\" src=\"https:\/\/cdn.digiturunc.com\/media\/support-icon3.png\" alt=\"\"\/><\/figure>\r\n\t\t                    <h4 class=\"mb-3 color-333 font-600\" data-aos=\"fade-up\" data-aos-duration=\"700\">Tek t\u0131k \u0130le kurulum<\/h4>\r\n\t\t                    <p class=\"mb-0\" data-aos=\"fade-up\" data-aos-duration=\"900\">DigiTurunc sunucular\u0131n\u0131n tamam\u0131nda Softacolous script kurulum yaz\u0131l\u0131m\u0131n\u0131 bulabilirsiniz. Yakla\u015f\u0131k 300 adet pop\u00fcler web scripti, bu yaz\u0131l\u0131m ile parmaklar\u0131n\u0131z\u0131n ucunda.<\/p>\r\n\t\t                <!-- support-box -->\r\n\t\t                <\/aside>\r\n\t\t            <\/div>\r\n\t\t             \r\n\t      <!-- row -->\r\n\t      <\/div>\r\n\t    <!-- container -->\r\n\t    <\/section>  \r\n\t<!-- main-box -->\r\n\t<\/div>\r\n<\/div>","protected":false},"excerpt":{"rendered":"","protected":false},"author":2,"featured_media":0,"parent":0,"menu_order":0,"comment_status":"closed","ping_status":"closed","template":"","meta":{"menu_relation_product":"","footnotes":""},"class_list":["post-726","page","type-page","status-publish","hentry"],"yoast_head":"<title>Register domain or Transfer Your Domain Now - DigiTurunc<\/title>\n<meta name=\"robots\" content=\"index, follow, max-snippet:-1, max-image-preview:large, max-video-preview:-1\" \/>\n<link rel=\"canonical\" href=\"https:\/\/www.digiturunc.com\/tr\/domains\/\" \/>\n<meta property=\"og:locale\" content=\"tr_TR\" \/>\n<meta property=\"og:type\" content=\"article\" \/>\n<meta property=\"og:title\" content=\"Register domain or Transfer Your Domain Now - DigiTurunc\" \/>\n<meta property=\"og:url\" content=\"https:\/\/www.digiturunc.com\/tr\/domains\/\" \/>\n<meta property=\"og:site_name\" content=\"DigiTurunc\" \/>\n<meta property=\"article:modified_time\" content=\"2021-05-01T12:17:16+00:00\" \/>\n<meta name=\"twitter:card\" content=\"summary_large_image\" \/>\n<meta name=\"twitter:site\" content=\"@digiturunc\" \/>\n<script type=\"application\/ld+json\" class=\"yoast-schema-graph\">{\"@context\":\"https:\/\/schema.org\",\"@graph\":[{\"@type\":\"WebPage\",\"@id\":\"https:\/\/www.digiturunc.com\/tr\/domains\/\",\"url\":\"https:\/\/www.digiturunc.com\/tr\/domains\/\",\"name\":\"Register domain or Transfer Your Domain Now - DigiTurunc\",\"isPartOf\":{\"@id\":\"https:\/\/www.digiturunc.com\/tr\/#website\"},\"datePublished\":\"2020-08-15T12:43:17+00:00\",\"dateModified\":\"2021-05-01T12:17:16+00:00\",\"breadcrumb\":{\"@id\":\"https:\/\/www.digiturunc.com\/tr\/domains\/#breadcrumb\"},\"inLanguage\":\"tr\",\"potentialAction\":[{\"@type\":\"ReadAction\",\"target\":[\"https:\/\/www.digiturunc.com\/tr\/domains\/\"]}]},{\"@type\":\"BreadcrumbList\",\"@id\":\"https:\/\/www.digiturunc.com\/tr\/domains\/#breadcrumb\",\"itemListElement\":[{\"@type\":\"ListItem\",\"position\":1,\"name\":\"Anasayfa\",\"item\":\"https:\/\/www.digiturunc.com\/tr\/\"},{\"@type\":\"ListItem\",\"position\":2,\"name\":\"Register domain or Transfer Your Domain Now\"}]},{\"@type\":\"WebSite\",\"@id\":\"https:\/\/www.digiturunc.com\/tr\/#website\",\"url\":\"https:\/\/www.digiturunc.com\/tr\/\",\"name\":\"DigiTurunc\",\"description\":\"Cloud Hosting , VDS Services , Dedicated Server\",\"potentialAction\":[{\"@type\":\"SearchAction\",\"target\":{\"@type\":\"EntryPoint\",\"urlTemplate\":\"https:\/\/www.digiturunc.com\/tr\/?s={search_term_string}\"},\"query-input\":{\"@type\":\"PropertyValueSpecification\",\"valueRequired\":true,\"valueName\":\"search_term_string\"}}],\"inLanguage\":\"tr\"}]}<\/script>","yoast_head_json":{"title":"Register domain or Transfer Your Domain Now - DigiTurunc","robots":{"index":"index","follow":"follow","max-snippet":"max-snippet:-1","max-image-preview":"max-image-preview:large","max-video-preview":"max-video-preview:-1"},"canonical":"https:\/\/www.digiturunc.com\/tr\/domains\/","og_locale":"tr_TR","og_type":"article","og_title":"Register domain or Transfer Your Domain Now - DigiTurunc","og_url":"https:\/\/www.digiturunc.com\/tr\/domains\/","og_site_name":"DigiTurunc","article_modified_time":"2021-05-01T12:17:16+00:00","twitter_card":"summary_large_image","twitter_site":"@digiturunc","schema":{"@context":"https:\/\/schema.org","@graph":[{"@type":"WebPage","@id":"https:\/\/www.digiturunc.com\/tr\/domains\/","url":"https:\/\/www.digiturunc.com\/tr\/domains\/","name":"Register domain or Transfer Your Domain Now - DigiTurunc","isPartOf":{"@id":"https:\/\/www.digiturunc.com\/tr\/#website"},"datePublished":"2020-08-15T12:43:17+00:00","dateModified":"2021-05-01T12:17:16+00:00","breadcrumb":{"@id":"https:\/\/www.digiturunc.com\/tr\/domains\/#breadcrumb"},"inLanguage":"tr","potentialAction":[{"@type":"ReadAction","target":["https:\/\/www.digiturunc.com\/tr\/domains\/"]}]},{"@type":"BreadcrumbList","@id":"https:\/\/www.digiturunc.com\/tr\/domains\/#breadcrumb","itemListElement":[{"@type":"ListItem","position":1,"name":"Anasayfa","item":"https:\/\/www.digiturunc.com\/tr\/"},{"@type":"ListItem","position":2,"name":"Register domain or Transfer Your Domain Now"}]},{"@type":"WebSite","@id":"https:\/\/www.digiturunc.com\/tr\/#website","url":"https:\/\/www.digiturunc.com\/tr\/","name":"DigiTurunc","description":"Cloud Hosting , VDS Services , Dedicated Server","potentialAction":[{"@type":"SearchAction","target":{"@type":"EntryPoint","urlTemplate":"https:\/\/www.digiturunc.com\/tr\/?s={search_term_string}"},"query-input":{"@type":"PropertyValueSpecification","valueRequired":true,"valueName":"search_term_string"}}],"inLanguage":"tr"}]}},"_links":{"self":[{"href":"https:\/\/www.digiturunc.com\/tr\/wp-json\/wp\/v2\/pages\/726","targetHints":{"allow":["GET"]}}],"collection":[{"href":"https:\/\/www.digiturunc.com\/tr\/wp-json\/wp\/v2\/pages"}],"about":[{"href":"https:\/\/www.digiturunc.com\/tr\/wp-json\/wp\/v2\/types\/page"}],"author":[{"embeddable":true,"href":"https:\/\/www.digiturunc.com\/tr\/wp-json\/wp\/v2\/users\/2"}],"replies":[{"embeddable":true,"href":"https:\/\/www.digiturunc.com\/tr\/wp-json\/wp\/v2\/comments?post=726"}],"version-history":[{"count":2,"href":"https:\/\/www.digiturunc.com\/tr\/wp-json\/wp\/v2\/pages\/726\/revisions"}],"predecessor-version":[{"id":813,"href":"https:\/\/www.digiturunc.com\/tr\/wp-json\/wp\/v2\/pages\/726\/revisions\/813"}],"wp:attachment":[{"href":"https:\/\/www.digiturunc.com\/tr\/wp-json\/wp\/v2\/media?parent=726"}],"curies":[{"name":"wp","href":"https:\/\/api.w.org\/{rel}","templated":true}]}}