{"id":722,"date":"2020-11-02T11:14:06","date_gmt":"2020-11-02T11:14:06","guid":{"rendered":"http:\/\/digiturunc.com\/license\/ssl-certificate\/"},"modified":"2022-02-11T13:41:05","modified_gmt":"2022-02-11T13:41:05","slug":"ssl-certificate","status":"publish","type":"page","link":"https:\/\/www.digiturunc.com\/tr\/license\/ssl-certificate\/","title":{"rendered":"SSL Sertifikas\u0131 &#8211; DigiTurunc"},"content":{"rendered":"<div class=\"lazyblock-inner-page-banner-ZEPRwi wp-block-lazyblock-inner-page-banner\"><div class=\"vps-banner-con col-xl-12\" style=\"background-image: url('https:\/\/cdn.digiturunc.com\/media\/blog-banner.png') !important;\">\r\n  <section class=\"container\">\r\n    <div class=\"row\">  \r\n        <div class=\"vps-banner color-fff col-xl-12\">\r\n            <div class=\"col-xl-6 col-lg-7 p-0 float-left\">\r\n                <h1 class=\"font-700 mb-3 pt-xl-5 pt-3\">SSL Sertifikalar\u0131<\/h1>\r\n                <p class=\"mb-0 font-400\">Son y\u0131llarda ziyaret\u00e7ilerin artmas\u0131, internet \u00fczerinden yap\u0131lan i\u015flemlerin \u00e7e\u015fitlili\u011finin artmas\u0131, internet \u00fczerinden yap\u0131lan i\u015flem miktar\u0131 ve d\u00f6nen paran\u0131n artmas\u0131 g\u00fcvenli\u011fin \u00f6nemini daha da artt\u0131rd\u0131.<\/p>                    \r\n            <\/div>\r\n            <div class=\"col-xl-6 col-lg-5 float-left text-right vps-mascot\"><img decoding=\"async\" src=\"https:\/\/cdn.digiturunc.com\/media\/mascot-ssl-certificat.png\" alt=\"\" \/><\/div>\r\n        <!-- vps-banner -->\r\n        <\/div>\r\n    <!-- row -->\r\n    <\/div>\r\n    <!-- container -->\r\n    <\/section>\r\n<!-- vps-banner-con -->\r\n<\/div><\/div>\n\n<div class=\"wp-bootstrap-blocks-container container mb-2 product-plans padding-top text-center padding-bottom\">\n\t\n<div class=\"wp-bootstrap-blocks-row row\">\n\t\n\n<div class=\"col-12 col-md-12\">\n\t\t\t\n<div class=\"lazyblock-similar-product-Z2lLXlD wp-block-lazyblock-similar-product\"><div class=\"relation_product\"><ul id=\"relation_product\" class=\"menu\"><li id=\"menu-item-783\" class=\"menu-item menu-item-type-post_type menu-item-object-page\"><a href=\"https:\/\/www.digiturunc.com\/tr\/license\/ssl-certificate\/\">SSL Sertifikas\u0131<\/a><\/li>\n<li id=\"menu-item-781\" class=\"menu-item menu-item-type-post_type menu-item-object-page\"><a href=\"https:\/\/www.digiturunc.com\/tr\/license\/cpanel-license\/\">CPanel<\/a><\/li>\n<li id=\"menu-item-782\" class=\"menu-item menu-item-type-post_type menu-item-object-page\"><a href=\"https:\/\/www.digiturunc.com\/tr\/license\/plesk-license\/\">Plesk<\/a><\/li>\n<li id=\"menu-item-784\" class=\"menu-item menu-item-type-post_type menu-item-object-page\"><a href=\"https:\/\/www.digiturunc.com\/tr\/license\/whmcs-license\/\">WHMCS<\/a><\/li>\n<li id=\"menu-item-655\" class=\"menu-item menu-item-type-post_type menu-item-object-page\"><a href=\"https:\/\/www.digiturunc.com\/tr\/license\/cloudlinux-license\/\">Cloudlinux<\/a><\/li>\n<\/ul><\/div><\/div>\n\t<\/div>\n\n\n\n<div class=\"col-12 col-md-12\">\n\t\t\t\n<h2 class=\"mb-4 mb-xl-5 mt-3 font-700 w-100 float-left color-333 aos-init aos-animate\" data-aos=\"fade-up\" data-aos-duration=\"800\">Get Top Ranking on Google<\/h2>\r\n<table class=\"table table-striped\">\r\n  <thead class=\"thead-dark\">\r\n    <tr>\r\n      <th scope=\"col\">Plan Ad\u0131<\/th>\r\n    \t\t<th scope=\"col\">Instant Activation<\/th>\r\n    \t\t<th scope=\"col\">Required Document<\/th>\r\n    \t\t<th scope=\"col\">Guarantee Limit<\/th>\r\n        <th scope=\"col\">Fiyat<\/th>\r\n    <th scope=\"col\">Sat\u0131n almak<\/th>\r\n    <\/tr>\r\n  <\/thead>\r\n  <tbody>\r\n      <tr>\r\n      <th scope=\"row\">Positive SSL certificate <\/th>\r\n              <td data-label=\"Instant Activation\">Online Issue<\/td>\r\n              <td data-label=\"Required Document\">No Document Verification<\/td>\r\n              <td data-label=\"Guarantee Limit\">10,000$ Guarantee<\/td>\r\n            <td>\r\n      <span class='usdtotl' >19.99 $ Y\u0131ll\u0131k<\/span>      <\/td>\r\n      <td>\r\n        <div class=\"buy-now-btn default-button yellow-button d-inline-block align-center\">\r\n            <a class=\"color-fff font-700\" href=\"https:\/\/my.digiturunc.com\/cart.php?a=add&pid=21&currency=1&language=Turkish\">Sat\u0131n almak<\/a>\r\n        <\/div>\r\n      <\/td>\r\n    <\/tr>\r\n        <tr>\r\n      <th scope=\"row\">Positive SSL Wildcard<\/th>\r\n              <td data-label=\"Instant Activation\">Online Issue<\/td>\r\n              <td data-label=\"Required Document\">No Document Verification<\/td>\r\n              <td data-label=\"Guarantee Limit\">10,000$ Guarantee<\/td>\r\n            <td>\r\n      <span class='usdtotl' >119.99 $ Y\u0131ll\u0131k<\/span>      <\/td>\r\n      <td>\r\n        <div class=\"buy-now-btn default-button yellow-button d-inline-block align-center\">\r\n            <a class=\"color-fff font-700\" href=\"https:\/\/my.digiturunc.com\/cart.php?a=add&pid=22&currency=1&language=Turkish\">Sat\u0131n almak<\/a>\r\n        <\/div>\r\n      <\/td>\r\n    <\/tr>\r\n        <tr>\r\n      <th scope=\"row\">EV SSL Certificate (Green Bar)<\/th>\r\n              <td data-label=\"Instant Activation\">3-10 Business day<\/td>\r\n              <td data-label=\"Required Document\">Yes Corporate Document Required,<\/td>\r\n              <td data-label=\"Guarantee Limit\">1,750,000$ Guarantee<\/td>\r\n            <td>\r\n      <span class='usdtotl' >149.99 $ Y\u0131ll\u0131k<\/span>      <\/td>\r\n      <td>\r\n        <div class=\"buy-now-btn default-button yellow-button d-inline-block align-center\">\r\n            <a class=\"color-fff font-700\" href=\"https:\/\/my.digiturunc.com\/cart.php?a=add&pid=23&currency=1&language=Turkish\">Sat\u0131n almak<\/a>\r\n        <\/div>\r\n      <\/td>\r\n    <\/tr>\r\n        <tr>\r\n      <th scope=\"row\">Certum SSL<\/th>\r\n              <td data-label=\"Instant Activation\">Online Issue<\/td>\r\n              <td data-label=\"Required Document\">No Document Verification<\/td>\r\n              <td data-label=\"Guarantee Limit\">10,000$ Guarantee<\/td>\r\n            <td>\r\n      <span class='usdtotl' >119.99 $ Y\u0131ll\u0131k<\/span>      <\/td>\r\n      <td>\r\n        <div class=\"buy-now-btn default-button yellow-button d-inline-block align-center\">\r\n            <a class=\"color-fff font-700\" href=\"https:\/\/my.digiturunc.com\/cart.php?a=add&pid=1062&currency=1&language=Turkish\">Sat\u0131n almak<\/a>\r\n        <\/div>\r\n      <\/td>\r\n    <\/tr>\r\n      <\/tbody>\r\n<\/table>\n\n\t<\/div>\n\n<\/div>\n\n<\/div>\n\n\n<div class=\"lazyblock-support-2szOKp wp-block-lazyblock-support\"><div class=\"main-box support text-center padding-top padding-bottom\">\r\n\t    <section class=\"container\">\r\n\t      <div class=\"row\">\r\n\t            <h2 class=\"font-600 mb-xl-5 mb-3 w-100 color-fff\" data-aos=\"fade-up\" data-aos-duration=\"700\">7\/24 DESTEK<\/h2>    \r\n\t\t\t\t\t\t\t\t\t\r\n\t\t            <div class=\"col-xl-4 col-lg-4 mb-xl-0 mb-lg-0 mb-3\">\r\n\t\t                <aside class=\"support-box font-300 background-fff\">  \r\n\t\t                    <figure class=\"mb-4\" data-aos=\"flip-right\" data-aos-duration=\"700\"><img decoding=\"async\" src=\"https:\/\/cdn.digiturunc.com\/media\/support-icon1.png\" alt=\"\"\/><\/figure>\r\n\t\t                    <h4 class=\"mb-3 color-333 font-600\" data-aos=\"fade-up\" data-aos-duration=\"700\">7 g\u00fcn 24 saat destek<\/h4>\r\n\t\t                    <p class=\"mb-0\" data-aos=\"fade-up\" data-aos-duration=\"900\">Teknik destek bizim birinci \u00f6nceli\u011fimizdir. Zaman k\u0131s\u0131t\u0131 olmaks\u0131z\u0131n,ihtiyac\u0131n\u0131z oldu\u011fu her anda destek bile$eri \u00fczerinden konusunda uzman, g\u00fclery\u00fczl\u00fc ve e\u011fitimli ekibimize ula\u015fabilirsiniz.<\/p>\r\n\t\t                <!-- support-box -->\r\n\t\t                <\/aside>\r\n\t\t            <\/div>\r\n\t\t       \t\t\t\t\t\r\n\t\t            <div class=\"col-xl-4 col-lg-4 mb-xl-0 mb-lg-0 mb-3\">\r\n\t\t                <aside class=\"support-box font-300 background-fff\">  \r\n\t\t                    <figure class=\"mb-4\" data-aos=\"flip-right\" data-aos-duration=\"700\"><img decoding=\"async\" src=\"https:\/\/cdn.digiturunc.com\/media\/support-icon2.png\" alt=\"\"\/><\/figure>\r\n\t\t                    <h4 class=\"mb-3 color-333 font-600\" data-aos=\"fade-up\" data-aos-duration=\"700\">S\u00fcper sunucular<\/h4>\r\n\t\t                    <p class=\"mb-0\" data-aos=\"fade-up\" data-aos-duration=\"900\">DigiTurunc Hosting sunucular\u0131, yeni nesil Intel E3 ve E5 serisi sunuculardan olu\u015fan bulut platformlarda ve SSD storage sistemlerinde bar\u0131nd\u0131r\u0131lmaktad\u0131r.<\/p>\r\n\t\t                <!-- support-box -->\r\n\t\t                <\/aside>\r\n\t\t            <\/div>\r\n\t\t       \t\t\t\t\t\r\n\t\t            <div class=\"col-xl-4 col-lg-4 mb-xl-0 mb-lg-0 mb-3\">\r\n\t\t                <aside class=\"support-box font-300 background-fff\">  \r\n\t\t                    <figure class=\"mb-4\" data-aos=\"flip-right\" data-aos-duration=\"700\"><img decoding=\"async\" src=\"https:\/\/cdn.digiturunc.com\/media\/support-icon3.png\" alt=\"\"\/><\/figure>\r\n\t\t                    <h4 class=\"mb-3 color-333 font-600\" data-aos=\"fade-up\" data-aos-duration=\"700\">Tek t\u0131k \u0130le kurulum<\/h4>\r\n\t\t                    <p class=\"mb-0\" data-aos=\"fade-up\" data-aos-duration=\"900\">DigiTurunc sunucular\u0131n\u0131n tamam\u0131nda Softacolous script kurulum yaz\u0131l\u0131m\u0131n\u0131 bulabilirsiniz. Yakla\u015f\u0131k 300 adet pop\u00fcler web scripti, bu yaz\u0131l\u0131m ile parmaklar\u0131n\u0131z\u0131n ucunda.<\/p>\r\n\t\t                <!-- support-box -->\r\n\t\t                <\/aside>\r\n\t\t            <\/div>\r\n\t\t             \r\n\t      <!-- row -->\r\n\t      <\/div>\r\n\t    <!-- container -->\r\n\t    <\/section>  \r\n\t<!-- main-box -->\r\n\t<\/div>\r\n<\/div>","protected":false},"excerpt":{"rendered":"","protected":false},"author":2,"featured_media":0,"parent":646,"menu_order":0,"comment_status":"closed","ping_status":"closed","template":"","meta":{"menu_relation_product":"License Product","footnotes":""},"class_list":["post-722","page","type-page","status-publish","hentry"],"yoast_head":"<title>SSL Sertifikas\u0131 - DigiTurunc<\/title>\n<meta name=\"description\" content=\"SSL Sertifikas\u0131, Son y\u0131llarda ziyaret\u00e7ilerin artmas\u0131, internet \u00fczerinden yap\u0131lan i\u015flemlerin \u00e7e\u015fitlili\u011finin artmas\u0131 ve internet \u00fczerinden yap\u0131lan i\u015flem miktar\u0131\" \/>\n<meta name=\"robots\" content=\"index, follow, max-snippet:-1, max-image-preview:large, max-video-preview:-1\" \/>\n<link rel=\"canonical\" href=\"https:\/\/www.digiturunc.com\/tr\/license\/ssl-certificate\/\" \/>\n<meta property=\"og:locale\" content=\"tr_TR\" \/>\n<meta property=\"og:type\" content=\"article\" \/>\n<meta property=\"og:title\" content=\"SSL Sertifikas\u0131 - DigiTurunc\" \/>\n<meta property=\"og:description\" content=\"SSL Sertifikas\u0131, Son y\u0131llarda ziyaret\u00e7ilerin artmas\u0131, internet \u00fczerinden yap\u0131lan i\u015flemlerin \u00e7e\u015fitlili\u011finin artmas\u0131 ve internet \u00fczerinden yap\u0131lan i\u015flem miktar\u0131\" \/>\n<meta property=\"og:url\" content=\"https:\/\/www.digiturunc.com\/tr\/license\/ssl-certificate\/\" \/>\n<meta property=\"og:site_name\" content=\"DigiTurunc\" \/>\n<meta property=\"article:modified_time\" content=\"2022-02-11T13:41:05+00:00\" \/>\n<meta property=\"og:image\" content=\"https:\/\/cdn.digiturunc.com\/media\/mascot-ssl-certificat.png\" \/>\n\t<meta property=\"og:image:width\" content=\"297\" \/>\n\t<meta property=\"og:image:height\" content=\"350\" \/>\n\t<meta property=\"og:image:type\" content=\"image\/png\" \/>\n<meta name=\"twitter:card\" content=\"summary_large_image\" \/>\n<meta name=\"twitter:site\" content=\"@digiturunc\" \/>\n<meta name=\"twitter:label1\" content=\"Tahmini okuma s\u00fcresi\" \/>\n\t<meta name=\"twitter:data1\" content=\"1 dakika\" \/>\n<script type=\"application\/ld+json\" class=\"yoast-schema-graph\">{\"@context\":\"https:\/\/schema.org\",\"@graph\":[{\"@type\":\"WebPage\",\"@id\":\"https:\/\/www.digiturunc.com\/tr\/license\/ssl-certificate\/\",\"url\":\"https:\/\/www.digiturunc.com\/tr\/license\/ssl-certificate\/\",\"name\":\"SSL Sertifikas\u0131 - DigiTurunc\",\"isPartOf\":{\"@id\":\"https:\/\/www.digiturunc.com\/tr\/#website\"},\"datePublished\":\"2020-11-02T11:14:06+00:00\",\"dateModified\":\"2022-02-11T13:41:05+00:00\",\"description\":\"SSL Sertifikas\u0131, Son y\u0131llarda ziyaret\u00e7ilerin artmas\u0131, internet \u00fczerinden yap\u0131lan i\u015flemlerin \u00e7e\u015fitlili\u011finin artmas\u0131 ve internet \u00fczerinden yap\u0131lan i\u015flem miktar\u0131\",\"breadcrumb\":{\"@id\":\"https:\/\/www.digiturunc.com\/tr\/license\/ssl-certificate\/#breadcrumb\"},\"inLanguage\":\"tr\",\"potentialAction\":[{\"@type\":\"ReadAction\",\"target\":[\"https:\/\/www.digiturunc.com\/tr\/license\/ssl-certificate\/\"]}]},{\"@type\":\"BreadcrumbList\",\"@id\":\"https:\/\/www.digiturunc.com\/tr\/license\/ssl-certificate\/#breadcrumb\",\"itemListElement\":[{\"@type\":\"ListItem\",\"position\":1,\"name\":\"Anasayfa\",\"item\":\"https:\/\/www.digiturunc.com\/tr\/\"},{\"@type\":\"ListItem\",\"position\":2,\"name\":\"Instant Activation License With Lower Price\",\"item\":\"https:\/\/www.digiturunc.com\/tr\/license\/\"},{\"@type\":\"ListItem\",\"position\":3,\"name\":\"SSL Sertifikas\u0131 &#8211; DigiTurunc\"}]},{\"@type\":\"WebSite\",\"@id\":\"https:\/\/www.digiturunc.com\/tr\/#website\",\"url\":\"https:\/\/www.digiturunc.com\/tr\/\",\"name\":\"DigiTurunc\",\"description\":\"Cloud Hosting , VDS Services , Dedicated Server\",\"potentialAction\":[{\"@type\":\"SearchAction\",\"target\":{\"@type\":\"EntryPoint\",\"urlTemplate\":\"https:\/\/www.digiturunc.com\/tr\/?s={search_term_string}\"},\"query-input\":{\"@type\":\"PropertyValueSpecification\",\"valueRequired\":true,\"valueName\":\"search_term_string\"}}],\"inLanguage\":\"tr\"}]}<\/script>","yoast_head_json":{"title":"SSL Sertifikas\u0131 - DigiTurunc","description":"SSL Sertifikas\u0131, Son y\u0131llarda ziyaret\u00e7ilerin artmas\u0131, internet \u00fczerinden yap\u0131lan i\u015flemlerin \u00e7e\u015fitlili\u011finin artmas\u0131 ve internet \u00fczerinden yap\u0131lan i\u015flem miktar\u0131","robots":{"index":"index","follow":"follow","max-snippet":"max-snippet:-1","max-image-preview":"max-image-preview:large","max-video-preview":"max-video-preview:-1"},"canonical":"https:\/\/www.digiturunc.com\/tr\/license\/ssl-certificate\/","og_locale":"tr_TR","og_type":"article","og_title":"SSL Sertifikas\u0131 - DigiTurunc","og_description":"SSL Sertifikas\u0131, Son y\u0131llarda ziyaret\u00e7ilerin artmas\u0131, internet \u00fczerinden yap\u0131lan i\u015flemlerin \u00e7e\u015fitlili\u011finin artmas\u0131 ve internet \u00fczerinden yap\u0131lan i\u015flem miktar\u0131","og_url":"https:\/\/www.digiturunc.com\/tr\/license\/ssl-certificate\/","og_site_name":"DigiTurunc","article_modified_time":"2022-02-11T13:41:05+00:00","og_image":[{"width":297,"height":350,"url":"https:\/\/cdn.digiturunc.com\/media\/mascot-ssl-certificat.png","type":"image\/png"}],"twitter_card":"summary_large_image","twitter_site":"@digiturunc","twitter_misc":{"Tahmini okuma s\u00fcresi":"1 dakika"},"schema":{"@context":"https:\/\/schema.org","@graph":[{"@type":"WebPage","@id":"https:\/\/www.digiturunc.com\/tr\/license\/ssl-certificate\/","url":"https:\/\/www.digiturunc.com\/tr\/license\/ssl-certificate\/","name":"SSL Sertifikas\u0131 - DigiTurunc","isPartOf":{"@id":"https:\/\/www.digiturunc.com\/tr\/#website"},"datePublished":"2020-11-02T11:14:06+00:00","dateModified":"2022-02-11T13:41:05+00:00","description":"SSL Sertifikas\u0131, Son y\u0131llarda ziyaret\u00e7ilerin artmas\u0131, internet \u00fczerinden yap\u0131lan i\u015flemlerin \u00e7e\u015fitlili\u011finin artmas\u0131 ve internet \u00fczerinden yap\u0131lan i\u015flem miktar\u0131","breadcrumb":{"@id":"https:\/\/www.digiturunc.com\/tr\/license\/ssl-certificate\/#breadcrumb"},"inLanguage":"tr","potentialAction":[{"@type":"ReadAction","target":["https:\/\/www.digiturunc.com\/tr\/license\/ssl-certificate\/"]}]},{"@type":"BreadcrumbList","@id":"https:\/\/www.digiturunc.com\/tr\/license\/ssl-certificate\/#breadcrumb","itemListElement":[{"@type":"ListItem","position":1,"name":"Anasayfa","item":"https:\/\/www.digiturunc.com\/tr\/"},{"@type":"ListItem","position":2,"name":"Instant Activation License With Lower Price","item":"https:\/\/www.digiturunc.com\/tr\/license\/"},{"@type":"ListItem","position":3,"name":"SSL Sertifikas\u0131 &#8211; DigiTurunc"}]},{"@type":"WebSite","@id":"https:\/\/www.digiturunc.com\/tr\/#website","url":"https:\/\/www.digiturunc.com\/tr\/","name":"DigiTurunc","description":"Cloud Hosting , VDS Services , Dedicated Server","potentialAction":[{"@type":"SearchAction","target":{"@type":"EntryPoint","urlTemplate":"https:\/\/www.digiturunc.com\/tr\/?s={search_term_string}"},"query-input":{"@type":"PropertyValueSpecification","valueRequired":true,"valueName":"search_term_string"}}],"inLanguage":"tr"}]}},"_links":{"self":[{"href":"https:\/\/www.digiturunc.com\/tr\/wp-json\/wp\/v2\/pages\/722","targetHints":{"allow":["GET"]}}],"collection":[{"href":"https:\/\/www.digiturunc.com\/tr\/wp-json\/wp\/v2\/pages"}],"about":[{"href":"https:\/\/www.digiturunc.com\/tr\/wp-json\/wp\/v2\/types\/page"}],"author":[{"embeddable":true,"href":"https:\/\/www.digiturunc.com\/tr\/wp-json\/wp\/v2\/users\/2"}],"replies":[{"embeddable":true,"href":"https:\/\/www.digiturunc.com\/tr\/wp-json\/wp\/v2\/comments?post=722"}],"version-history":[{"count":4,"href":"https:\/\/www.digiturunc.com\/tr\/wp-json\/wp\/v2\/pages\/722\/revisions"}],"predecessor-version":[{"id":1426,"href":"https:\/\/www.digiturunc.com\/tr\/wp-json\/wp\/v2\/pages\/722\/revisions\/1426"}],"up":[{"embeddable":true,"href":"https:\/\/www.digiturunc.com\/tr\/wp-json\/wp\/v2\/pages\/646"}],"wp:attachment":[{"href":"https:\/\/www.digiturunc.com\/tr\/wp-json\/wp\/v2\/media?parent=722"}],"curies":[{"name":"wp","href":"https:\/\/api.w.org\/{rel}","templated":true}]}}