{"id":676,"date":"2020-10-26T08:15:51","date_gmt":"2020-10-26T08:15:51","guid":{"rendered":"http:\/\/digiturunc.com\/host\/"},"modified":"2021-05-02T10:55:56","modified_gmt":"2021-05-02T10:55:56","slug":"host","status":"publish","type":"page","link":"https:\/\/www.digiturunc.com\/tr\/host\/","title":{"rendered":"payla\u015f\u0131lan web bar\u0131nd\u0131rma hizmeti"},"content":{"rendered":"<div class=\"lazyblock-inner-page-banner-Z1B3vkH wp-block-lazyblock-inner-page-banner\"><div class=\"vps-banner-con col-xl-12\" style=\"background-image: url('https:\/\/cdn.digiturunc.com\/media\/blog-banner.png') !important;\">\r\n  <section class=\"container\">\r\n    <div class=\"row\">  \r\n        <div class=\"vps-banner color-fff col-xl-12\">\r\n            <div class=\"col-xl-6 col-lg-7 p-0 float-left\">\r\n                <h1 class=\"font-700 mb-3 pt-xl-5 pt-3\">Payla\u015f\u0131ml\u0131 web bar\u0131nd\u0131rma hizmeti<\/h1>\r\n                <p class=\"mb-0 font-400\">10 y\u0131l\u0131 a\u015fk\u0131n deneyime sahip Digiturunc \u015firketi, web sitenizi bar\u0131nd\u0131rmak i\u00e7in en iyi se\u00e7imdir.<\/p>                    \r\n            <\/div>\r\n            <div class=\"col-xl-6 col-lg-5 float-left text-right vps-mascot\"><img decoding=\"async\" src=\"https:\/\/cdn.digiturunc.com\/media\/digiturunc-mascot-01.png\" alt=\"\" \/><\/div>\r\n        <!-- vps-banner -->\r\n        <\/div>\r\n    <!-- row -->\r\n    <\/div>\r\n    <!-- container -->\r\n    <\/section>\r\n<!-- vps-banner-con -->\r\n<\/div><\/div>\n\n<div class=\"lazyblock-host-service-ZxUm1m wp-block-lazyblock-host-service\"><div class=\"main-box padding-top text-center padding-bottom\">\r\n    <section class=\"container\">\r\n      <div class=\"row\">\r\n        <div class=\"vps-tabs col-xl-12\">\r\n              <ul class=\"nav nav-tabs font-700\" data-aos=\"fade-up\" data-aos-duration=\"800\">\r\n                <li class=\"nav-item\">\r\n                  <a class=\"nav-link active\" data-toggle=\"tab\" href=\"#Linux\"><i class=\"fab fa-linux\"><\/i> Linux Host<\/a>\r\n                <\/li>\r\n                <li class=\"nav-item\">\r\n                  <a class=\"nav-link\" data-toggle=\"tab\" href=\"#Windows\"><i class=\"fab fa-windows\"><\/i> Windows Host<\/a>\r\n                <\/li>\r\n              <\/ul>\r\n              <div class=\"tab-content text-left\">\r\n                <div class=\"tab-pane active\" id=\"Linux\">\r\n\t\t\t\t                      <div class=\"col-xl-3 col-lg-6 mt-4 text-center float-left\">\r\n                        <aside class=\"vps-tab-box col-xl-12 background-fff float-left\">\r\n                            <figure class=\"mb-xl-4 mb-3 mr-3 float-left\" data-aos=\"flip-right\" data-aos-duration=\"700\"><img decoding=\"async\" src=\"https:\/\/cdn.digiturunc.com\/media\/flag1.png\" alt=\"\"\/><\/figure>\r\n                            <h4 class=\"mb-xl-4 mb-3 font-700 text-left w-100 color-333\" data-aos=\"fade-up\" data-aos-duration=\"700\">Standart CPanel Bulut Ana Bilgisayar\u0131<\/h4>\r\n                                <div class=\"clearfix\"><\/div>\r\n                            <p class=\"mb-xl-4 mb-3 text-left\" data-aos=\"fade-up\" data-aos-duration=\"900\">Ki\u015fisel ve k\u00fc\u00e7\u00fck web siteleri i\u00e7in kullan\u0131m\u0131 kolay, en iyi performans ve d\u00fc\u015f\u00fck fiyat se\u00e7imi<\/p>\r\n                            <div data-aos=\"fade-up\" data-aos-duration=\"1100\" class=\"default-button yellow-button float-left\"><a class=\"color-fff font-700\" href=\"https:\/\/www.digiturunc.com\/host\/linux-cloud-cpanel-host\/\">\u0130ncele ve sipari\u015f ver<\/a><\/div>\r\n                        <!-- vps-tab-box -->\r\n                        <\/aside>\r\n                    <\/div>\r\n                                  <\/div>\r\n                <div class=\"tab-pane fade\" id=\"Windows\">\r\n\t\t\t\t                      <div class=\"col-xl-3 col-lg-6 mt-4 text-center float-left\">\r\n                        <aside class=\"vps-tab-box col-xl-12 background-fff float-left\">\r\n                            <figure class=\"mb-xl-4 mb-3 mr-3 float-left\" data-aos=\"flip-right\" data-aos-duration=\"700\"><img decoding=\"async\" src=\"https:\/\/cdn.digiturunc.com\/media\/flag1.png\" alt=\"\"\/><\/figure>\r\n                            <h4 class=\"mb-xl-4 mb-3 font-700 text-left w-100 color-333\" data-aos=\"fade-up\" data-aos-duration=\"700\">Standart Plesk Ana Bilgisayar\u0131<\/h4>\r\n                                <div class=\"clearfix\"><\/div>\r\n                            <p class=\"mb-xl-4 mb-3 text-left\" data-aos=\"fade-up\" data-aos-duration=\"900\">SQL ve APS kullan\u0131lan ki\u015fisel ve k\u00fc\u00e7\u00fck web siteleri i\u00e7in kullan\u0131m\u0131 kolay, en iyi performans ve d\u00fc\u015f\u00fck fiyat se\u00e7imi<\/p>\r\n                            <div data-aos=\"fade-up\" data-aos-duration=\"1100\" class=\"default-button yellow-button float-left\"><a class=\"color-fff font-700\" href=\"https:\/\/www.digiturunc.com\/host\/windows-shared-host\/\">\u0130ncele ve sipari\u015f ver<\/a><\/div>\r\n                        <!-- vps-tab-box -->\r\n                        <\/aside>\r\n                    <\/div>\r\n                                  <!-- Windows -->\r\n                <\/div>\r\n              <!-- tab-content  -->\r\n              <\/div>\r\n        <!-- vps-tabs -->\r\n        <\/div>\r\n      <!-- row -->\r\n      <\/div>\r\n    <!-- container -->\r\n    <\/section>  \r\n<!-- main-box -->\r\n<\/div>\r\n<\/div>\n\n<div class=\"lazyblock-features-1XfiW4 wp-block-lazyblock-features\"><div class=\"main-box padding-top text-center background-fdf6d5 padding-bottom\">\r\n    <section class=\"container\">\r\n      <div class=\"row\">\r\n        <div class=\"available-features col-xl-12 font-18 color-333\">\r\n            <h3 class=\"mb-4 font-700 w-100\" data-aos=\"fade-up\" data-aos-duration=\"700\"><\/h3>\r\n            <ul class=\"mb-0 list-unstyled float-left font-300 text-left col-xl-4\"  data-aos=\"fade-up\" data-aos-duration=\"700\">\r\n\t\t\t\t                \t<li>\u00dccretsiz Otomatik Yedekleme<\/li>\r\n                                \t<li>\u00dccretsiz SSL<\/li>\r\n                                \t<li>PHP S\u00fcr\u00fcm Se\u00e7ici<\/li>\r\n                            <\/ul>\r\n            <ul class=\"mb-0 list-unstyled float-left font-300  text-left col-xl-4\"  data-aos=\"fade-up\" data-aos-duration=\"1000\">\r\n\t\t\t\t                \t<li>S\u0131n\u0131rs\u0131z FTP Hesab\u0131<\/li>\r\n                                \t<li>S\u0131n\u0131rs\u0131z E-Posta Hesab\u0131<\/li>\r\n                                \t<li>S\u0131n\u0131rs\u0131z Bant Geni\u015fli\u011fi<\/li>\r\n                            <\/ul>\r\n            <ul class=\"mb-0 list-unstyled float-left font-300 text-left col-xl-4\"  data-aos=\"fade-up\" data-aos-duration=\"1200\">\r\n\t\t\t\t                \t<li>\u00dccretsiz SSL<\/li>\r\n                                \t<li> MySQL Veri Taban\u0131<\/li>\r\n                                \t<li>Otomatik Komut Dosyas\u0131 Y\u00fckleyici<\/li>\r\n                            <\/ul>\r\n            <span class=\"d-inline-block mt-4 font-700\" data-aos=\"fade-up\" data-aos-duration=\"1200\">Ve bir \u00e7ok \u00f6zelli\u011fi her \u00fcr\u00fcn\u00fcn sayfas\u0131nda g\u00f6rebilirsiniz&#8230;<\/span>\r\n        <\/div>\r\n      <!-- row -->\r\n      <\/div>\r\n    <!-- container -->\r\n    <\/section>  \r\n<!-- main-box -->\r\n<\/div>\r\n<\/div>\n\n<div class=\"lazyblock-faq-W8TWm wp-block-lazyblock-faq\"><div class=\"main-box padding-top text-center padding-bottom\">\r\n    <section class=\"container\">\r\n      <div class=\"row\">\r\n        <h2 class=\"font-700 mb-xl-5 mb-3 w-100 color-333\" data-aos=\"fade-up\" data-aos-duration=\"700\">\r\n            S\u0131k\u00e7a Sorulan Sorular            <\/h2>\r\n        <div id=\"accordion\" class=\"text-left col-xl-12 font-300\">\r\n        \r\n\t\t\r\n         \r\n                <div class=\"card mb-3 background-fff\"  data-aos=\"fade-up\" data-aos-duration=\"700\">\r\n                <div class=\"card-header\" id=\"heading1\">\r\n                  <h5 class=\"mb-0\">\r\n                    <button class=\"btn btn-link \" data-toggle=\"collapse\" data-target=\"#collapse1\" aria-expanded=\"true\" aria-controls=\"collapse1\">\r\n                      Digiturunc web bar\u0131nd\u0131rma hizmetine nas\u0131l ba\u015flayabilirim?                    <\/button>\r\n                  <\/h5>\r\n                <\/div>          \r\n                <div id=\"collapse1\" class=\"collapse show \" aria-labelledby=\"heading1\" data-parent=\"#accordion\">\r\n                  <div class=\"card-body\">\r\n                      <p class=\"mb-0\">Digiturunc hizmetlerini tercih etti\u011finiz i\u00e7in te\u015fekk\u00fcr ederiz. Bar\u0131nd\u0131rma paketlerinden birini se\u00e7in ve birka\u00e7 basit ad\u0131mda sipari\u015finizi tamamlay\u0131n. \u00d6demeyi yapt\u0131ktan hemen sonra bar\u0131nd\u0131rma hizmetini kullanmaya ba\u015flayabilirsiniz.<\/p>\r\n                  <\/div>\r\n                <\/div>\r\n              <\/div>\r\n\r\n            \r\n         \r\n                <div class=\"card mb-3 background-fff\"  data-aos=\"fade-up\" data-aos-duration=\"800\">\r\n                <div class=\"card-header\" id=\"heading2\">\r\n                  <h5 class=\"mb-0\">\r\n                    <button class=\"btn btn-link collapsed \" data-toggle=\"collapse\" data-target=\"#collapse2\" aria-expanded=\"true\" aria-controls=\"collapse2\">\r\n                      Payla\u015f\u0131ml\u0131 bar\u0131nd\u0131rma nedir?                    <\/button>\r\n                  <\/h5>\r\n                <\/div>          \r\n                <div id=\"collapse2\" class=\"collapse \" aria-labelledby=\"heading2\" data-parent=\"#accordion\">\r\n                  <div class=\"card-body\">\r\n                      <p class=\"mb-0\">Payla\u015f\u0131ml\u0131 bar\u0131nd\u0131rma, her t\u00fcrl\u00fc bireysel ve kurumsal web sitesi i\u00e7in uygun olan, birden \u00e7ok web sitesi taraf\u0131ndan payla\u015f\u0131lan basit bir alan \u00e7\u00f6z\u00fcm\u00fcd\u00fcr.<\/p>\r\n                  <\/div>\r\n                <\/div>\r\n              <\/div>\r\n\r\n            \r\n         \r\n                <div class=\"card mb-3 background-fff\"  data-aos=\"fade-up\" data-aos-duration=\"900\">\r\n                <div class=\"card-header\" id=\"heading3\">\r\n                  <h5 class=\"mb-0\">\r\n                    <button class=\"btn btn-link collapsed \" data-toggle=\"collapse\" data-target=\"#collapse3\" aria-expanded=\"true\" aria-controls=\"collapse3\">\r\n                      Payla\u015f\u0131ml\u0131 bar\u0131nd\u0131rma hizmetinin avantajlar\u0131 nelerdir?                    <\/button>\r\n                  <\/h5>\r\n                <\/div>          \r\n                <div id=\"collapse3\" class=\"collapse \" aria-labelledby=\"heading3\" data-parent=\"#accordion\">\r\n                  <div class=\"card-body\">\r\n                      <p class=\"mb-0\">\u00c7ok uygun fiyat\u0131n\u0131n yan\u0131 s\u0131ra, payla\u015f\u0131ml\u0131 bar\u0131nd\u0131rma hizmeti, web siteniz i\u00e7in basit ve h\u0131zl\u0131 bir bar\u0131nd\u0131rma \u00e7\u00f6z\u00fcm\u00fcd\u00fcr. Digiturunc ile y\u00fcksek h\u0131z ve g\u00fcvenli\u011fin yan\u0131 s\u0131ra, payla\u015f\u0131ml\u0131 bar\u0131nd\u0131rman\u0131n di\u011fer avantajlar\u0131ndan da yararlanacaks\u0131n\u0131z.<\/p>\r\n                  <\/div>\r\n                <\/div>\r\n              <\/div>\r\n\r\n            \r\n         \r\n                <div class=\"card mb-3 background-fff\"  data-aos=\"fade-up\" data-aos-duration=\"1000\">\r\n                <div class=\"card-header\" id=\"heading4\">\r\n                  <h5 class=\"mb-0\">\r\n                    <button class=\"btn btn-link collapsed \" data-toggle=\"collapse\" data-target=\"#collapse4\" aria-expanded=\"true\" aria-controls=\"collapse4\">\r\n                      Web bar\u0131nd\u0131rma paketime hangi hizmetleri ve y\u00fckseltmeleri ekleyebilirim?                    <\/button>\r\n                  <\/h5>\r\n                <\/div>          \r\n                <div id=\"collapse4\" class=\"collapse \" aria-labelledby=\"heading4\" data-parent=\"#accordion\">\r\n                  <div class=\"card-body\">\r\n                      <p class=\"mb-0\">Bar\u0131nd\u0131rma paketlerinden herhangi birini sat\u0131n ald\u0131ktan sonra paketinizi istedi\u011finiz zaman daha y\u00fcksek paketlere y\u00fckseltebilirsiniz. Ayr\u0131ca, \u00fccretsiz SSL\u2019den de yararlanabilirsiniz.<\/p>\r\n                  <\/div>\r\n                <\/div>\r\n              <\/div>\r\n\r\n            \r\n         \r\n                <div class=\"card mb-3 background-fff\"  data-aos=\"fade-up\" data-aos-duration=\"1100\">\r\n                <div class=\"card-header\" id=\"heading5\">\r\n                  <h5 class=\"mb-0\">\r\n                    <button class=\"btn btn-link collapsed \" data-toggle=\"collapse\" data-target=\"#collapse5\" aria-expanded=\"true\" aria-controls=\"collapse5\">\r\n                      Neden bir alan ad\u0131na ihtiyac\u0131m var?                    <\/button>\r\n                  <\/h5>\r\n                <\/div>          \r\n                <div id=\"collapse5\" class=\"collapse \" aria-labelledby=\"heading5\" data-parent=\"#accordion\">\r\n                  <div class=\"card-body\">\r\n                      <p class=\"mb-0\">Alan ad\u0131, asl\u0131nda web sitenizin adresidir ve markan\u0131z ve i\u015fletmenizle do\u011frudan ili\u015fkilisi bulunmaktad\u0131r. Alan ad\u0131 olmadan bir web sitesine sahip olamazs\u0131n\u0131z. Bir web sitesi kurman\u0131n ilk a\u015famas\u0131, bir alan ad\u0131 se\u00e7mek ve web siteniz i\u00e7in uygun bir sunucu almakt\u0131r.<\/p>\r\n                  <\/div>\r\n                <\/div>\r\n              <\/div>\r\n\r\n                        \r\n            \r\n           \r\n            \r\n            \r\n            \r\n          <\/div>\r\n      <!-- row -->\r\n      <\/div>\r\n    <!-- container -->\r\n    <\/section>  \r\n<!-- main-box -->\r\n<\/div><\/div>","protected":false},"excerpt":{"rendered":"","protected":false},"author":2,"featured_media":0,"parent":0,"menu_order":0,"comment_status":"closed","ping_status":"closed","template":"","meta":{"menu_relation_product":"","footnotes":""},"class_list":["post-676","page","type-page","status-publish","hentry"],"yoast_head":"<title>payla\u015f\u0131lan web bar\u0131nd\u0131rma hizmeti - DigiTurunc<\/title>\n<meta name=\"robots\" content=\"index, follow, max-snippet:-1, max-image-preview:large, max-video-preview:-1\" \/>\n<link rel=\"canonical\" href=\"https:\/\/www.digiturunc.com\/tr\/host\/\" \/>\n<meta property=\"og:locale\" content=\"tr_TR\" \/>\n<meta property=\"og:type\" content=\"article\" \/>\n<meta property=\"og:title\" content=\"payla\u015f\u0131lan web bar\u0131nd\u0131rma hizmeti - DigiTurunc\" \/>\n<meta property=\"og:url\" content=\"https:\/\/www.digiturunc.com\/tr\/host\/\" \/>\n<meta property=\"og:site_name\" content=\"DigiTurunc\" \/>\n<meta property=\"article:modified_time\" content=\"2021-05-02T10:55:56+00:00\" \/>\n<meta name=\"twitter:card\" content=\"summary_large_image\" \/>\n<meta name=\"twitter:site\" content=\"@digiturunc\" \/>\n<script type=\"application\/ld+json\" class=\"yoast-schema-graph\">{\"@context\":\"https:\/\/schema.org\",\"@graph\":[{\"@type\":\"WebPage\",\"@id\":\"https:\/\/www.digiturunc.com\/tr\/host\/\",\"url\":\"https:\/\/www.digiturunc.com\/tr\/host\/\",\"name\":\"payla\u015f\u0131lan web bar\u0131nd\u0131rma hizmeti - DigiTurunc\",\"isPartOf\":{\"@id\":\"https:\/\/www.digiturunc.com\/tr\/#website\"},\"datePublished\":\"2020-10-26T08:15:51+00:00\",\"dateModified\":\"2021-05-02T10:55:56+00:00\",\"breadcrumb\":{\"@id\":\"https:\/\/www.digiturunc.com\/tr\/host\/#breadcrumb\"},\"inLanguage\":\"tr\",\"potentialAction\":[{\"@type\":\"ReadAction\",\"target\":[\"https:\/\/www.digiturunc.com\/tr\/host\/\"]}]},{\"@type\":\"BreadcrumbList\",\"@id\":\"https:\/\/www.digiturunc.com\/tr\/host\/#breadcrumb\",\"itemListElement\":[{\"@type\":\"ListItem\",\"position\":1,\"name\":\"Anasayfa\",\"item\":\"https:\/\/www.digiturunc.com\/tr\/\"},{\"@type\":\"ListItem\",\"position\":2,\"name\":\"payla\u015f\u0131lan web bar\u0131nd\u0131rma hizmeti\"}]},{\"@type\":\"WebSite\",\"@id\":\"https:\/\/www.digiturunc.com\/tr\/#website\",\"url\":\"https:\/\/www.digiturunc.com\/tr\/\",\"name\":\"DigiTurunc\",\"description\":\"Cloud Hosting , VDS Services , Dedicated Server\",\"potentialAction\":[{\"@type\":\"SearchAction\",\"target\":{\"@type\":\"EntryPoint\",\"urlTemplate\":\"https:\/\/www.digiturunc.com\/tr\/?s={search_term_string}\"},\"query-input\":{\"@type\":\"PropertyValueSpecification\",\"valueRequired\":true,\"valueName\":\"search_term_string\"}}],\"inLanguage\":\"tr\"}]}<\/script>","yoast_head_json":{"title":"payla\u015f\u0131lan web bar\u0131nd\u0131rma hizmeti - DigiTurunc","robots":{"index":"index","follow":"follow","max-snippet":"max-snippet:-1","max-image-preview":"max-image-preview:large","max-video-preview":"max-video-preview:-1"},"canonical":"https:\/\/www.digiturunc.com\/tr\/host\/","og_locale":"tr_TR","og_type":"article","og_title":"payla\u015f\u0131lan web bar\u0131nd\u0131rma hizmeti - DigiTurunc","og_url":"https:\/\/www.digiturunc.com\/tr\/host\/","og_site_name":"DigiTurunc","article_modified_time":"2021-05-02T10:55:56+00:00","twitter_card":"summary_large_image","twitter_site":"@digiturunc","schema":{"@context":"https:\/\/schema.org","@graph":[{"@type":"WebPage","@id":"https:\/\/www.digiturunc.com\/tr\/host\/","url":"https:\/\/www.digiturunc.com\/tr\/host\/","name":"payla\u015f\u0131lan web bar\u0131nd\u0131rma hizmeti - DigiTurunc","isPartOf":{"@id":"https:\/\/www.digiturunc.com\/tr\/#website"},"datePublished":"2020-10-26T08:15:51+00:00","dateModified":"2021-05-02T10:55:56+00:00","breadcrumb":{"@id":"https:\/\/www.digiturunc.com\/tr\/host\/#breadcrumb"},"inLanguage":"tr","potentialAction":[{"@type":"ReadAction","target":["https:\/\/www.digiturunc.com\/tr\/host\/"]}]},{"@type":"BreadcrumbList","@id":"https:\/\/www.digiturunc.com\/tr\/host\/#breadcrumb","itemListElement":[{"@type":"ListItem","position":1,"name":"Anasayfa","item":"https:\/\/www.digiturunc.com\/tr\/"},{"@type":"ListItem","position":2,"name":"payla\u015f\u0131lan web bar\u0131nd\u0131rma hizmeti"}]},{"@type":"WebSite","@id":"https:\/\/www.digiturunc.com\/tr\/#website","url":"https:\/\/www.digiturunc.com\/tr\/","name":"DigiTurunc","description":"Cloud Hosting , VDS Services , Dedicated Server","potentialAction":[{"@type":"SearchAction","target":{"@type":"EntryPoint","urlTemplate":"https:\/\/www.digiturunc.com\/tr\/?s={search_term_string}"},"query-input":{"@type":"PropertyValueSpecification","valueRequired":true,"valueName":"search_term_string"}}],"inLanguage":"tr"}]}},"_links":{"self":[{"href":"https:\/\/www.digiturunc.com\/tr\/wp-json\/wp\/v2\/pages\/676","targetHints":{"allow":["GET"]}}],"collection":[{"href":"https:\/\/www.digiturunc.com\/tr\/wp-json\/wp\/v2\/pages"}],"about":[{"href":"https:\/\/www.digiturunc.com\/tr\/wp-json\/wp\/v2\/types\/page"}],"author":[{"embeddable":true,"href":"https:\/\/www.digiturunc.com\/tr\/wp-json\/wp\/v2\/users\/2"}],"replies":[{"embeddable":true,"href":"https:\/\/www.digiturunc.com\/tr\/wp-json\/wp\/v2\/comments?post=676"}],"version-history":[{"count":3,"href":"https:\/\/www.digiturunc.com\/tr\/wp-json\/wp\/v2\/pages\/676\/revisions"}],"predecessor-version":[{"id":833,"href":"https:\/\/www.digiturunc.com\/tr\/wp-json\/wp\/v2\/pages\/676\/revisions\/833"}],"wp:attachment":[{"href":"https:\/\/www.digiturunc.com\/tr\/wp-json\/wp\/v2\/media?parent=676"}],"curies":[{"name":"wp","href":"https:\/\/api.w.org\/{rel}","templated":true}]}}