{"id":646,"date":"2020-11-01T15:29:38","date_gmt":"2020-11-01T15:29:38","guid":{"rendered":"http:\/\/digiturunc.com\/license\/"},"modified":"2021-08-27T22:06:07","modified_gmt":"2021-08-27T22:06:07","slug":"license","status":"publish","type":"page","link":"https:\/\/www.digiturunc.com\/tr\/license\/","title":{"rendered":"Instant Activation License With Lower Price"},"content":{"rendered":"<div class=\"lazyblock-inner-page-banner-Z1B3vkH wp-block-lazyblock-inner-page-banner\"><div class=\"vps-banner-con col-xl-12\" style=\"background-image: url('https:\/\/cdn.digiturunc.com\/media\/vps-banner.png') !important;\">\r\n  <section class=\"container\">\r\n    <div class=\"row\">  \r\n        <div class=\"vps-banner color-fff col-xl-12\">\r\n            <div class=\"col-xl-6 col-lg-7 p-0 float-left\">\r\n                <h1 class=\"font-700 mb-3 pt-xl-5 pt-3\">An\u0131nda Aktivasyon Lisans\u0131<\/h1>\r\n                <p class=\"mb-0 font-400\">En uygun fiyat, online sipari\u015f ve an\u0131nda teslimat ile otomatik lisans uygulamas\u0131.<\/p>                    \r\n            <\/div>\r\n            <div class=\"col-xl-6 col-lg-5 float-left text-right vps-mascot\"><img decoding=\"async\" src=\"https:\/\/cdn.digiturunc.com\/media\/mascot-instant-activation.png\" alt=\"\" \/><\/div>\r\n        <!-- vps-banner -->\r\n        <\/div>\r\n    <!-- row -->\r\n    <\/div>\r\n    <!-- container -->\r\n    <\/section>\r\n<!-- vps-banner-con -->\r\n<\/div><\/div>\n\n<div class=\"lazyblock-license-list-Z2cRAFd wp-block-lazyblock-license-list\"><div class=\"main-box padding-top text-center padding-bottom\">\r\n    <section class=\"container\">\r\n\t  \t  \t        <div class=\"row\">\r\n\r\n                                     <div class=\"col-xl-3 col-lg-6 mt-4 text-center flex-box\">\r\n                        <aside class=\"vps-tab-box col-xl-12 background-fff float-left\">\r\n                            <figure class=\"mb-xl-4 mb-3 mr-3 float-left\" data-aos=\"flip-right\" data-aos-duration=\"700\"><img decoding=\"async\" src=\"https:\/\/cdn.digiturunc.com\/media\/cloud-linux_logo-only-circle.png\" alt=\"\" height=\"48px\"\/><\/figure>\r\n                            <h4 class=\"mb-xl-4 mb-3 font-700 text-left w-100 color-333\" data-aos=\"fade-up\" data-aos-duration=\"700\">Cloudlinux Lisans\u0131<\/h4>\r\n                                <div class=\"clearfix\"><\/div>\r\n                            <p class=\"mb-xl-4 mb-3 text-left\" data-aos=\"fade-up\" data-aos-duration=\"750\">\r\n\t\t\t\t\t\t\tCloudLinux OS \u00e7oklu kullan\u0131m(Shared Hosting) i\u00e7in lider bir platformdur. Her payala\u015fimli hosting\u0131 ay\u0131rarak ve onlara ayr\u0131lm\u0131\u015f sunucu kaynaklar\u0131 vererek yo\u011funlu\u011funu ve g\u00fcvenli\u011fini art\u0131r\u0131r. \t\t\t\t\t\t\t<\/p>\r\n                            <div data-aos=\"fade-up\" data-aos-duration=\"800\" class=\"default-button yellow-button float-left\"><a class=\"color-fff font-700\" href=\"https:\/\/www.digiturunc.com\/license\/cloudlinux-license\/\">\u0130ncele ve sipari\u015f ver<\/a><\/div>\r\n                        <!-- vps-tab-box -->\r\n                        <\/aside>\r\n                    <\/div>\r\n\t\t\t\t\t\r\n\t\t\t\t  \r\n\t\t\t\t  \t\t\t\t  \r\n                                      <div class=\"col-xl-3 col-lg-6 mt-4 text-center flex-box\">\r\n                        <aside class=\"vps-tab-box col-xl-12 background-fff float-left\">\r\n                            <figure class=\"mb-xl-4 mb-3 mr-3 float-left\" data-aos=\"flip-right\" data-aos-duration=\"700\"><img decoding=\"async\" src=\"https:\/\/cdn.digiturunc.com\/media\/whmcs-sm.png\" alt=\"\" height=\"48px\"\/><\/figure>\r\n                            <h4 class=\"mb-xl-4 mb-3 font-700 text-left w-100 color-333\" data-aos=\"fade-up\" data-aos-duration=\"700\"><\/h4>\r\n                                <div class=\"clearfix\"><\/div>\r\n                            <p class=\"mb-xl-4 mb-3 text-left\" data-aos=\"fade-up\" data-aos-duration=\"750\">\r\n\t\t\t\t\t\t\tBug\u00fcn web hosting i\u015fine ba\u015flamak i\u00e7in ihtiyac\u0131n\u0131z olan t\u00fcm ara\u00e7lar. An\u0131nda aktivasyon ve h\u0131zl\u0131 kurulum s\u00fcreci ile \u015fimdi ba\u015flay\u0131n.\t\t\t\t\t\t\t<\/p>\r\n                            <div data-aos=\"fade-up\" data-aos-duration=\"800\" class=\"default-button yellow-button float-left\"><a class=\"color-fff font-700\" href=\"https:\/\/www.digiturunc.com\/license\/whmcs-license\/\">\u0130ncele ve sipari\u015f ver<\/a><\/div>\r\n                        <!-- vps-tab-box -->\r\n                        <\/aside>\r\n                    <\/div>\r\n\t\t\t\t\t\r\n\t\t\t\t  \r\n\t\t\t\t  \t\t\t\t  \r\n                                      <div class=\"col-xl-3 col-lg-6 mt-4 text-center flex-box\">\r\n                        <aside class=\"vps-tab-box col-xl-12 background-fff float-left\">\r\n                            <figure class=\"mb-xl-4 mb-3 mr-3 float-left\" data-aos=\"flip-right\" data-aos-duration=\"700\"><img decoding=\"async\" src=\"https:\/\/cdn.digiturunc.com\/media\/plesk-old-logo-sm.png\" alt=\"\" height=\"48px\"\/><\/figure>\r\n                            <h4 class=\"mb-xl-4 mb-3 font-700 text-left w-100 color-333\" data-aos=\"fade-up\" data-aos-duration=\"700\">Plesk<\/h4>\r\n                                <div class=\"clearfix\"><\/div>\r\n                            <p class=\"mb-xl-4 mb-3 text-left\" data-aos=\"fade-up\" data-aos-duration=\"750\">\r\n\t\t\t\t\t\t\tTek bir bar\u0131nd\u0131rma platformunda eksiksiz teknik, g\u00fcvenlik ve otomasyon ara\u00e7lar\u0131 seti\t\t\t\t\t\t\t<\/p>\r\n                            <div data-aos=\"fade-up\" data-aos-duration=\"800\" class=\"default-button yellow-button float-left\"><a class=\"color-fff font-700\" href=\"https:\/\/www.digiturunc.com\/license\/plesk-license\/\">\u0130ncele ve sipari\u015f ver<\/a><\/div>\r\n                        <!-- vps-tab-box -->\r\n                        <\/aside>\r\n                    <\/div>\r\n\t\t\t\t\t\r\n\t\t\t\t  \r\n\t\t\t\t  \t\t\t\t  \r\n                                      <div class=\"col-xl-3 col-lg-6 mt-4 text-center flex-box\">\r\n                        <aside class=\"vps-tab-box col-xl-12 background-fff float-left\">\r\n                            <figure class=\"mb-xl-4 mb-3 mr-3 float-left\" data-aos=\"flip-right\" data-aos-duration=\"700\"><img decoding=\"async\" src=\"https:\/\/cdn.digiturunc.com\/media\/CP-logo-sm.png\" alt=\"\" height=\"48px\"\/><\/figure>\r\n                            <h4 class=\"mb-xl-4 mb-3 font-700 text-left w-100 color-333\" data-aos=\"fade-up\" data-aos-duration=\"700\">CPanel<\/h4>\r\n                                <div class=\"clearfix\"><\/div>\r\n                            <p class=\"mb-xl-4 mb-3 text-left\" data-aos=\"fade-up\" data-aos-duration=\"750\">\r\n\t\t\t\t\t\t\tKisa bir s\u00fcre i\u00e7in \u00fccretsiz kurulum ile inan\u0131lmaz fiyat kampaniyasi\t\t\t\t\t\t\t<\/p>\r\n                            <div data-aos=\"fade-up\" data-aos-duration=\"800\" class=\"default-button yellow-button float-left\"><a class=\"color-fff font-700\" href=\"https:\/\/www.digiturunc.com\/license\/cpanel-license\/\">\u0130ncele ve sipari\u015f ver<\/a><\/div>\r\n                        <!-- vps-tab-box -->\r\n                        <\/aside>\r\n                    <\/div>\r\n\t\t\t\t\t\r\n\t\t\t\t  \r\n\t\t\t\t  \r\n      <!-- row -->\r\n      <\/div>\r\n\t      <!-- container -->\r\n    <\/section>  \r\n<!-- main-box -->\r\n<\/div>\r\n<\/div>\n\n<div class=\"lazyblock-features-1XfiW4 wp-block-lazyblock-features\"><div class=\"main-box padding-top text-center background-fdf6d5 padding-bottom\">\r\n    <section class=\"container\">\r\n      <div class=\"row\">\r\n        <div class=\"available-features col-xl-12 font-18 color-333\">\r\n            <h3 class=\"mb-4 font-700 w-100\" data-aos=\"fade-up\" data-aos-duration=\"700\"><\/h3>\r\n            <ul class=\"mb-0 list-unstyled float-left font-300 text-left col-xl-4\"  data-aos=\"fade-up\" data-aos-duration=\"700\">\r\n\t\t\t\t                \t<li>An\u0131nda Aktivasyon<\/li>\r\n                                \t<li>En Uygun Fiyat<\/li>\r\n                                \t<li>Y\u00f6netim Paneli<\/li>\r\n                            <\/ul>\r\n            <ul class=\"mb-0 list-unstyled float-left font-300  text-left col-xl-4\"  data-aos=\"fade-up\" data-aos-duration=\"1000\">\r\n\t\t\t\t            <\/ul>\r\n            <ul class=\"mb-0 list-unstyled float-left font-300 text-left col-xl-4\"  data-aos=\"fade-up\" data-aos-duration=\"1200\">\r\n\t\t\t\t            <\/ul>\r\n            <span class=\"d-inline-block mt-4 font-700\" data-aos=\"fade-up\" data-aos-duration=\"1200\">Her \u00fcr\u00fcn\u00fcn sayfas\u0131nda g\u00f6rebilece\u011finiz bir\u00e7ok \u00f6zelik &#8230;<\/span>\r\n        <\/div>\r\n      <!-- row -->\r\n      <\/div>\r\n    <!-- container -->\r\n    <\/section>  \r\n<!-- main-box -->\r\n<\/div>\r\n<\/div>","protected":false},"excerpt":{"rendered":"","protected":false},"author":2,"featured_media":0,"parent":0,"menu_order":0,"comment_status":"closed","ping_status":"closed","template":"","meta":{"menu_relation_product":"","footnotes":""},"class_list":["post-646","page","type-page","status-publish","hentry"],"yoast_head":"<title>Instant Activation License With Lower Price - DigiTurunc<\/title>\n<meta name=\"robots\" content=\"index, follow, max-snippet:-1, max-image-preview:large, max-video-preview:-1\" \/>\n<link rel=\"canonical\" href=\"https:\/\/www.digiturunc.com\/tr\/license\/\" \/>\n<meta property=\"og:locale\" content=\"tr_TR\" \/>\n<meta property=\"og:type\" content=\"article\" \/>\n<meta property=\"og:title\" content=\"Instant Activation License With Lower Price - DigiTurunc\" \/>\n<meta property=\"og:url\" content=\"https:\/\/www.digiturunc.com\/tr\/license\/\" \/>\n<meta property=\"og:site_name\" content=\"DigiTurunc\" \/>\n<meta property=\"article:modified_time\" content=\"2021-08-27T22:06:07+00:00\" \/>\n<meta name=\"twitter:card\" content=\"summary_large_image\" \/>\n<meta name=\"twitter:site\" content=\"@digiturunc\" \/>\n<script type=\"application\/ld+json\" class=\"yoast-schema-graph\">{\"@context\":\"https:\/\/schema.org\",\"@graph\":[{\"@type\":\"WebPage\",\"@id\":\"https:\/\/www.digiturunc.com\/tr\/license\/\",\"url\":\"https:\/\/www.digiturunc.com\/tr\/license\/\",\"name\":\"Instant Activation License With Lower Price - DigiTurunc\",\"isPartOf\":{\"@id\":\"https:\/\/www.digiturunc.com\/tr\/#website\"},\"datePublished\":\"2020-11-01T15:29:38+00:00\",\"dateModified\":\"2021-08-27T22:06:07+00:00\",\"breadcrumb\":{\"@id\":\"https:\/\/www.digiturunc.com\/tr\/license\/#breadcrumb\"},\"inLanguage\":\"tr\",\"potentialAction\":[{\"@type\":\"ReadAction\",\"target\":[\"https:\/\/www.digiturunc.com\/tr\/license\/\"]}]},{\"@type\":\"BreadcrumbList\",\"@id\":\"https:\/\/www.digiturunc.com\/tr\/license\/#breadcrumb\",\"itemListElement\":[{\"@type\":\"ListItem\",\"position\":1,\"name\":\"Anasayfa\",\"item\":\"https:\/\/www.digiturunc.com\/tr\/\"},{\"@type\":\"ListItem\",\"position\":2,\"name\":\"Instant Activation License With Lower Price\"}]},{\"@type\":\"WebSite\",\"@id\":\"https:\/\/www.digiturunc.com\/tr\/#website\",\"url\":\"https:\/\/www.digiturunc.com\/tr\/\",\"name\":\"DigiTurunc\",\"description\":\"Cloud Hosting , VDS Services , Dedicated Server\",\"potentialAction\":[{\"@type\":\"SearchAction\",\"target\":{\"@type\":\"EntryPoint\",\"urlTemplate\":\"https:\/\/www.digiturunc.com\/tr\/?s={search_term_string}\"},\"query-input\":{\"@type\":\"PropertyValueSpecification\",\"valueRequired\":true,\"valueName\":\"search_term_string\"}}],\"inLanguage\":\"tr\"}]}<\/script>","yoast_head_json":{"title":"Instant Activation License With Lower Price - DigiTurunc","robots":{"index":"index","follow":"follow","max-snippet":"max-snippet:-1","max-image-preview":"max-image-preview:large","max-video-preview":"max-video-preview:-1"},"canonical":"https:\/\/www.digiturunc.com\/tr\/license\/","og_locale":"tr_TR","og_type":"article","og_title":"Instant Activation License With Lower Price - DigiTurunc","og_url":"https:\/\/www.digiturunc.com\/tr\/license\/","og_site_name":"DigiTurunc","article_modified_time":"2021-08-27T22:06:07+00:00","twitter_card":"summary_large_image","twitter_site":"@digiturunc","schema":{"@context":"https:\/\/schema.org","@graph":[{"@type":"WebPage","@id":"https:\/\/www.digiturunc.com\/tr\/license\/","url":"https:\/\/www.digiturunc.com\/tr\/license\/","name":"Instant Activation License With Lower Price - DigiTurunc","isPartOf":{"@id":"https:\/\/www.digiturunc.com\/tr\/#website"},"datePublished":"2020-11-01T15:29:38+00:00","dateModified":"2021-08-27T22:06:07+00:00","breadcrumb":{"@id":"https:\/\/www.digiturunc.com\/tr\/license\/#breadcrumb"},"inLanguage":"tr","potentialAction":[{"@type":"ReadAction","target":["https:\/\/www.digiturunc.com\/tr\/license\/"]}]},{"@type":"BreadcrumbList","@id":"https:\/\/www.digiturunc.com\/tr\/license\/#breadcrumb","itemListElement":[{"@type":"ListItem","position":1,"name":"Anasayfa","item":"https:\/\/www.digiturunc.com\/tr\/"},{"@type":"ListItem","position":2,"name":"Instant Activation License With Lower Price"}]},{"@type":"WebSite","@id":"https:\/\/www.digiturunc.com\/tr\/#website","url":"https:\/\/www.digiturunc.com\/tr\/","name":"DigiTurunc","description":"Cloud Hosting , VDS Services , Dedicated Server","potentialAction":[{"@type":"SearchAction","target":{"@type":"EntryPoint","urlTemplate":"https:\/\/www.digiturunc.com\/tr\/?s={search_term_string}"},"query-input":{"@type":"PropertyValueSpecification","valueRequired":true,"valueName":"search_term_string"}}],"inLanguage":"tr"}]}},"_links":{"self":[{"href":"https:\/\/www.digiturunc.com\/tr\/wp-json\/wp\/v2\/pages\/646","targetHints":{"allow":["GET"]}}],"collection":[{"href":"https:\/\/www.digiturunc.com\/tr\/wp-json\/wp\/v2\/pages"}],"about":[{"href":"https:\/\/www.digiturunc.com\/tr\/wp-json\/wp\/v2\/types\/page"}],"author":[{"embeddable":true,"href":"https:\/\/www.digiturunc.com\/tr\/wp-json\/wp\/v2\/users\/2"}],"replies":[{"embeddable":true,"href":"https:\/\/www.digiturunc.com\/tr\/wp-json\/wp\/v2\/comments?post=646"}],"version-history":[{"count":6,"href":"https:\/\/www.digiturunc.com\/tr\/wp-json\/wp\/v2\/pages\/646\/revisions"}],"predecessor-version":[{"id":1423,"href":"https:\/\/www.digiturunc.com\/tr\/wp-json\/wp\/v2\/pages\/646\/revisions\/1423"}],"wp:attachment":[{"href":"https:\/\/www.digiturunc.com\/tr\/wp-json\/wp\/v2\/media?parent=646"}],"curies":[{"name":"wp","href":"https:\/\/api.w.org\/{rel}","templated":true}]}}