{"id":635,"date":"2020-05-19T11:19:34","date_gmt":"2020-05-19T11:19:34","guid":{"rendered":"http:\/\/digiturunc.com\/home-page\/"},"modified":"2022-03-15T23:42:47","modified_gmt":"2022-03-15T23:42:47","slug":"home-page","status":"publish","type":"page","link":"https:\/\/www.digiturunc.com\/tr\/","title":{"rendered":"Home Page"},"content":{"rendered":"<div class=\"lazyblock-banner-Z2qdqNA wp-block-lazyblock-banner\"><div class=\"banner-con col-xl-12\" style=\"background-image: url('https:\/\/cdn.digiturunc.com\/media\/banner.png') !important;\">\r\n\t  <section class=\"container\">\r\n\t    <div class=\"row\">  \r\n\t        <div class=\"banner color-fff col-xl-12\">\r\n\t            <div class=\"col-xl-6 col-lg-7 p-0 float-left\">\r\n\t                <h1 class=\"font-700 pt-xl-5\">DigiTurunc Kurumsal<\/h1>\r\n\t                <p class=\"color-37210b mb-4 font-18 font-700\">Firmam\u0131z hosting (bar\u0131nd\u0131rma) hizmetleri sunabilmek amac\u0131yla bireysel ve kurumsal alanda profesyonel hizmet vermek amac\u0131yla 2018 y\u0131l\u0131nda \u0130stanbul&#8217;da kurulmu\u015ftur.<\/p>\r\n\t                    <p class=\"mb-xl-5\">A\u011f ve bar\u0131nd\u0131rma hizmetlerinin y\u00fcksek kalitesini garanti alt\u0131na almak amac\u0131 ile \u015firketimize ait \u00f6zel sunucular ve a\u011f ekipman\u0131 kullan\u0131lmaktad\u0131r.<\/p>\r\n\t                    <div class=\"default-button float-left\"><a class=\"color-37210b background-fff font-700\" href=\"https:\/\/my.digiturunc.com\/cart.php\">HEMEN S\u0130PAR\u0130\u015e VER<\/a><\/div>\r\n\t            <\/div>\r\n\t            <div class=\"col-xl-6 col-lg-5 float-left text-right mascot\"><img decoding=\"async\" src=\"https:\/\/cdn.digiturunc.com\/media\/mascot.png\" alt=\"\" \/><\/div>\r\n\t        <!-- banner -->\r\n\t        <\/div>\r\n\t    <!-- row -->\r\n\t    <\/div>\r\n\t    <!-- container -->\r\n\t    <\/section>\r\n\t<!-- banner-con -->\r\n\t<\/div><\/div>\n\n<div class=\"lazyblock-services-1xIDal wp-block-lazyblock-services\"><div class=\"main-box padding-top text-center padding-bottom\">\r\n    <section class=\"container\">\r\n      <div class=\"row\">\r\n          <h2 class=\"font-700 mb-xl-5 mb-3 w-100 color-333\" data-aos=\"fade-up\" data-aos-duration=\"700\"><\/h2>\r\n                                <div class=\"col-xl-4 col-lg-4 mb-xl-0 mb-lg-0 mb-3\">\r\n                  <aside class=\"Services col-xl-12 background-fff\">\r\n                      <figure class=\"mb-xl-4 mb-3\" data-aos=\"flip-right\" data-aos-duration=\"700\"><img decoding=\"async\" src=\"https:\/\/cdn.digiturunc.com\/media\/service-icon1.png\" alt=\"\"\/><\/figure>\r\n                      <h3 class=\"mb-xl-4 mb-3 font-700 w-100 color-333\" data-aos=\"fade-up\" data-aos-duration=\"700\">Bulut Hosting<\/h3>\r\n                      <p class=\"mb-xl-4 mb-3\" data-aos=\"fade-up\" data-aos-duration=\"900\">En iyi kalite, g\u00fcvenlik, teslimat h\u0131z\u0131 ve geri \u00f6deme garantisi ile T\u00fcrkiye&#8217;de sunulan CPanel bulut bar\u0131nd\u0131rma hizmeti.<\/p>\r\n                      <div data-aos=\"fade-up\" data-aos-duration=\"1100\" class=\"default-button yellow-button d-inline-block align-top\"><a class=\"color-fff font-700\" href=\"https:\/\/www.digiturunc.com\/host\">\u0130ncele ve sipari\u015f ver<\/a><\/div>\r\n                <!-- Services -->\r\n                  <\/aside>\r\n              <\/div>\r\n                                <div class=\"col-xl-4 col-lg-4 mb-xl-0 mb-lg-0 mb-3\">\r\n                  <aside class=\"Services col-xl-12 background-fff\">\r\n                      <figure class=\"mb-xl-4 mb-3\" data-aos=\"flip-right\" data-aos-duration=\"700\"><img decoding=\"async\" src=\"https:\/\/cdn.digiturunc.com\/media\/service-icon3.png\" alt=\"\"\/><\/figure>\r\n                      <h3 class=\"mb-xl-4 mb-3 font-700 w-100 color-333\" data-aos=\"fade-up\" data-aos-duration=\"700\">Bulut VDS<\/h3>\r\n                      <p class=\"mb-xl-4 mb-3\" data-aos=\"fade-up\" data-aos-duration=\"900\">Digituruncun sa\u011flad\u0131\u011f\u0131 bulut sunucu hizmeti, profesyonel destek sunman\u0131n yan\u0131 s\u0131ra y\u00fcksek \u00e7al\u0131\u015fma zaman\u0131 ve \u015fa\u015f\u0131rt\u0131c\u0131 h\u0131z ile sunulmaktad\u0131r.<\/p>\r\n                      <div data-aos=\"fade-up\" data-aos-duration=\"1100\" class=\"default-button yellow-button d-inline-block align-top\"><a class=\"color-fff font-700\" href=\"https:\/\/www.digiturunc.com\/vps\/\">\u0130ncele ve sipari\u015f ver<\/a><\/div>\r\n                <!-- Services -->\r\n                  <\/aside>\r\n              <\/div>\r\n                                <div class=\"col-xl-4 col-lg-4 mb-xl-0 mb-lg-0 mb-3\">\r\n                  <aside class=\"Services col-xl-12 background-fff\">\r\n                      <figure class=\"mb-xl-4 mb-3\" data-aos=\"flip-right\" data-aos-duration=\"700\"><img decoding=\"async\" src=\"https:\/\/cdn.digiturunc.com\/media\/service-icon2.png\" alt=\"\"\/><\/figure>\r\n                      <h3 class=\"mb-xl-4 mb-3 font-700 w-100 color-333\" data-aos=\"fade-up\" data-aos-duration=\"700\">Fiziksel Kiral\u0131k Sunucu<\/h3>\r\n                      <p class=\"mb-xl-4 mb-3\" data-aos=\"fade-up\" data-aos-duration=\"900\">D\u00fcnyan\u0131n en itibarl\u0131 veri merkezleri taraf\u0131ndan bar\u0131nd\u0131r\u0131lan \u00e7ok g\u00fcvenli ve \u00f6zel Dedicated fiziksel sunucu.<\/p>\r\n                      <div data-aos=\"fade-up\" data-aos-duration=\"1100\" class=\"default-button yellow-button d-inline-block align-top\"><a class=\"color-fff font-700\" href=\"https:\/\/www.digiturunc.com\/dedicated\">\u0130ncele ve sipari\u015f ver<\/a><\/div>\r\n                <!-- Services -->\r\n                  <\/aside>\r\n              <\/div>\r\n          \n<div class=\"order-domain text-center padding-top col-xl-12\">\n    <h2 class=\"font-600 mb-xl-5 mb-3 color-333\" data-aos=\"fade-up\" data-aos-duration=\"700\">Yeni Alan Ad\u0131 Sipari\u015f Et<\/h2>  \n        <ul class=\"nav nav-tabs font-700\" data-aos=\"fade-up\" data-aos-duration=\"800\">\n        <li class=\"nav-item\">\n            <a class=\"nav-link active\" data-toggle=\"tab\" href=\"#Register\">Yeni Alan Ad\u0131 Sipari\u015f Et<\/a>\n        <\/li>\n        <li class=\"nav-item\">\n            <a class=\"nav-link\" data-toggle=\"tab\" href=\"#Transfer\">Digiturunc&#8217;a Transfer<\/a>\n        <\/li> \n        <\/ul>\n        <div class=\"tab-content\">\n        <div class=\"tab-pane active\" id=\"Register\">\n            <div class=\"search-bar mb-4 position-relative text-left\" data-aos=\"fade-up\" data-aos-duration=\"900\">\n                <form action=\"https:\/\/my.digiturunc.com\/cart.php?a=add&#038;domain=register\" method=\"post\">\n                    <input class=\"text-left\" name=\"query\" type=\"text\" placeholder=\"Type your domain name\" \/>\n                    <button class=\"position-absolute font-18\" name=\"\" type=\"submit\"><i class=\"fas fa-search\"><\/i><\/button>\n                <\/form>\n            <!-- search-bar -->\n            <\/div>\n            <ul class=\"domain-extensions list-unstyled\" data-aos=\"fade-up\" data-aos-duration=\"1100\">\n                                    <li class=\"d-inline-block align-top\"> <span class=\"image sprite-com\"><\/span> <span\n\t\t\t\t\t  class='usdtotl' >12.00$<\/span><\/li>\n\n                                    <li class=\"d-inline-block align-top\"> <span class=\"image sprite-xyz\"><\/span> <span\n\t\t\t\t\t  class='usdtotl' >14.00$<\/span><\/li>\n\n                                    <li class=\"d-inline-block align-top\"> <span class=\"image sprite-net\"><\/span> <span\n\t\t\t\t\t  class='usdtotl' >12.99$<\/span><\/li>\n\n                                    <li class=\"d-inline-block align-top\"> <span class=\"image sprite-org\"><\/span> <span\n\t\t\t\t\t  class='usdtotl' >11.99$<\/span><\/li>\n\n                                    <li class=\"d-inline-block align-top\"> <span class=\"image sprite-info\"><\/span> <span\n\t\t\t\t\t  class='usdtotl' >12.99$<\/span><\/li>\n\n                                               \n            <\/ul>\n        <!-- Register -->\n        <\/div>\n        <div class=\"tab-pane fade\" id=\"Transfer\">\n            <div class=\"search-bar mb-4 position-relative text-left\">\n                <form action=\"https:\/\/my.digiturunc.com\/cart.php?a=add&#038;domain=transfer\" method=\"post\">\n                    <input class=\"text-left\" name=\"query\" type=\"text\" placeholder=\"Type your domain name\" \/>\n                    <button class=\"position-absolute font-18\" name=\"\" type=\"submit\"><i class=\"fas fa-search\"><\/i><\/button>\n                <\/form>\n            <!-- search-bar -->\n            <\/div>\n            <ul class=\"domain-extensions list-unstyled\">\n                <li class=\"d-inline-block align-top\"><span class=\"image sprite-com\"><\/span> 536.92 TL<\/li>\n\n\n                    <li class=\"d-inline-block align-top\"><span class=\"image sprite-xyz\"><\/span> 626.41 TL<\/li>\n\n\n                    <li class=\"d-inline-block align-top\"><span class=\"image sprite-net\"><\/span> 581.22 TL<\/li>\n\n\n                    <li class=\"d-inline-block align-top\"><span class=\"image sprite-org\"><\/span> 536.47 TL<\/li>\n\n\n                    <li class=\"d-inline-block align-top\"><span class=\"image sprite-info\"><\/span> 581.22 TL<\/li>\n\n\n                  \n            <\/ul>\n        <!-- Transfer -->\n        <\/div>\n        <!-- tab-content  -->\n        <\/div>\n<!-- order-domain -->\n<\/div>       <!-- row -->\r\n      <\/div>\r\n    <!-- container -->\r\n    <\/section>  \r\n<!-- main-box -->\r\n<\/div><\/div>\n\n<div class=\"lazyblock-banner-with-image-text-1WN4H0 wp-block-lazyblock-banner-with-image-text\">\t<div class=\"main-box background-fdf6d5\">\r\n\t    <section class=\"container\">\r\n\t      <div class=\"row\">\r\n\t          <div class=\"col-xl-5\"><figure class=\"mascot-2 position-relative\"><img decoding=\"async\" src=\"https:\/\/cdn.digiturunc.com\/media\/https-back-3.png\" alt=\"\" \/><\/figure><\/div>\r\n\t          <div class=\"col-xl-7 padding-top padding-bottom\">\r\n\t            <h2 class=\"font-700 pt-xl-5 mb-xl-4 mb-3 w-100 color-333\" data-aos=\"fade-up\" data-aos-duration=\"700\">SSL Sertifikalar\u0131<\/h2>  \r\n\t            <p class=\"font-400 mb-xl-5 mb-3\" data-aos=\"fade-up\" data-aos-duration=\"900\">Son y\u0131llarda ziyaret\u00e7ilerin artmas\u0131, internet \u00fczerinden yap\u0131lan i\u015flemlerin \u00e7e\u015fitlili\u011finin artmas\u0131, internet \u00fczerinden yap\u0131lan i\u015flem miktar\u0131 ve d\u00f6nen paran\u0131n artmas\u0131 g\u00fcvenli\u011fin \u00f6nemini daha da artt\u0131rd\u0131.<\/p>        \r\n\t            <div class=\"default-button yellow-button d-inline-block align-top\" data-aos=\"fade-up\" data-aos-duration=\"1100\"><a class=\"color-37210b font-700\" href=\"https:\/\/www.digiturunc.com\/license\/ssl-certificate\/\">\u0130ncele ve sipari\u015f ver<\/a><\/div>\r\n\t          <\/div>\r\n\t      <!-- row -->\r\n\t      <\/div>\r\n\t    <!-- container -->\r\n\t    <\/section>  \r\n\t<!-- main-box -->\r\n\t<\/div><\/div>\n\n<div class=\"lazyblock-why-choose-us-barVz wp-block-lazyblock-why-choose-us\"><div class=\"main-box why-us padding-top padding-bottom\">\r\n\t    <h2 class=\"font-600 mb-xl-5 mb-3 w-100 text-center color-333\" data-aos=\"fade-up\" data-aos-duration=\"700\">NEDEN TERC\u0130H ETMEL\u0130S\u0130N\u0130Z?<\/h2>  \r\n\t     <div class=\"technician float-left col-xl-6 p-0\"><\/div>\r\n\t     <div class=\"col-xl-6 float-left p-0\">\r\n\t          <div class=\"our-services mt-xl-5 text-xl-left text-center mb-xl-5 background-fff\">\r\n\t              <ul class=\"list-unstyled\">\r\n\t\t                  \t<li>\r\n\t\t                      \t<figure class=\"float-left mb-3 col-xl-2\" data-aos=\"flip-right\" data-aos-duration=\"700\"><img decoding=\"async\" src=\"https:\/\/cdn.digiturunc.com\/media\/money-back.png\" alt=\"\"\/><\/figure>\r\n\t\t                      \t<div class=\"float-left font-300 col-xl-10 mb-xl-5 mb-3\">\r\n\t\t                          \t<h4 class=\"mb-3 font-600 color-333\" data-aos=\"fade-up\" data-aos-duration=\"700\">GER\u0130 \u0130ADE<\/h4>\r\n\t\t                          \t<p class=\"mb-0\" data-aos=\"fade-up\" data-aos-duration=\"900\">Hizmetimizden olduk\u00e7a memnun kalaca\u011f\u0131n\u0131za inan\u0131yoruz, fakat yinede herhangi bir sebepten dolay\u0131 7 g\u00fcn i\u00e7erisinde ko\u015fulsuz geri \u00f6deme garantimiz bulunuyor.<\/p>\r\n\t\t                      <\/div>\r\n\t\t                  \t<\/li>\r\n\t\t                  \t<li>\r\n\t\t                      \t<figure class=\"float-left mb-3 col-xl-2\" data-aos=\"flip-right\" data-aos-duration=\"700\"><img decoding=\"async\" src=\"https:\/\/cdn.digiturunc.com\/media\/online-payment.png\" alt=\"\"\/><\/figure>\r\n\t\t                      \t<div class=\"float-left font-300 col-xl-10 mb-xl-5 mb-3\">\r\n\t\t                          \t<h4 class=\"mb-3 font-600 color-333\" data-aos=\"fade-up\" data-aos-duration=\"700\">G\u00dcVENL\u0130 ALI\u015eVER\u0130\u015e<\/h4>\r\n\t\t                          \t<p class=\"mb-0\" data-aos=\"fade-up\" data-aos-duration=\"900\">7 g\u00fcn 24 saat Kredi Kart\u0131, Paypal, Mobil \u00d6deme ile yapm\u0131\u015f oldu\u011funuz sipari\u015flerde an\u0131nda aktivasyon! DIGITURUNC sizin g\u00fcvenli\u011finiz i\u00e7in online \u00f6deme yollar\u0131nda tam onayl\u0131 SSL sertifikas\u0131 kullan\u0131yor.<\/p>\r\n\t\t                      <\/div>\r\n\t\t                  \t<\/li>\r\n\t\t                  \t<li>\r\n\t\t                      \t<figure class=\"float-left mb-3 col-xl-2\" data-aos=\"flip-right\" data-aos-duration=\"700\"><img decoding=\"async\" src=\"https:\/\/cdn.digiturunc.com\/media\/security.png\" alt=\"\"\/><\/figure>\r\n\t\t                      \t<div class=\"float-left font-300 col-xl-10 mb-xl-5 mb-3\">\r\n\t\t                          \t<h4 class=\"mb-3 font-600 color-333\" data-aos=\"fade-up\" data-aos-duration=\"700\">DIGITURUNC G\u00dcVENCES\u0130<\/h4>\r\n\t\t                          \t<p class=\"mb-0\" data-aos=\"fade-up\" data-aos-duration=\"900\">2010 y\u0131l\u0131ndan bu yana profesyonel internet \u00e7\u00f6z\u00fcmleri \u00fcreten \u015firketimiz ama\u00e7 edindi\u011fi sorunsuz hizmet garantisi ile binlerce m\u00fc\u015fterisine hizmet veriyor!<\/p>\r\n\t\t                      <\/div>\r\n\t\t                  \t<\/li>\r\n\t              <\/ul>\r\n\t          <!-- our-services -->\r\n\t          <\/div>                       \r\n\t        <\/div>\r\n\t<!-- main-box -->\r\n\t<\/div><\/div>\n\n<div class=\"lazyblock-support-BXcl5 wp-block-lazyblock-support\"><div class=\"main-box support text-center padding-top padding-bottom\">\r\n\t    <section class=\"container\">\r\n\t      <div class=\"row\">\r\n\t            <h2 class=\"font-600 mb-xl-5 mb-3 w-100 color-fff\" data-aos=\"fade-up\" data-aos-duration=\"700\">7\/24 DESTEK<\/h2>    \r\n\t\t\t\t\t\t\t\t\t\r\n\t\t            <div class=\"col-xl-4 col-lg-4 mb-xl-0 mb-lg-0 mb-3\">\r\n\t\t                <aside class=\"support-box font-300 background-fff\">  \r\n\t\t                    <figure class=\"mb-4\" data-aos=\"flip-right\" data-aos-duration=\"700\"><img decoding=\"async\" src=\"https:\/\/cdn.digiturunc.com\/media\/support-icon1.png\" alt=\"\"\/><\/figure>\r\n\t\t                    <h4 class=\"mb-3 color-333 font-600\" data-aos=\"fade-up\" data-aos-duration=\"700\">HER ZAMAN HAZIRLIKLIYIZ<\/h4>\r\n\t\t                    <p class=\"mb-0\" data-aos=\"fade-up\" data-aos-duration=\"900\">\u00c7al\u0131\u015fanlar\u0131m\u0131z uzun y\u0131llard\u0131r siz de\u011ferli m\u00fc\u015fterilerimize profesyonel \u00f6l\u00e7\u00fcde hizmet veriyor . Her t\u00fcrl\u00fc soru ve sorun i\u00e7in h\u0131zl\u0131, kesintisiz destek bizim g\u00f6revimiz.<\/p>\r\n\t\t                <!-- support-box -->\r\n\t\t                <\/aside>\r\n\t\t            <\/div>\r\n\t\t       \t\t\t\t\t\r\n\t\t            <div class=\"col-xl-4 col-lg-4 mb-xl-0 mb-lg-0 mb-3\">\r\n\t\t                <aside class=\"support-box font-300 background-fff\">  \r\n\t\t                    <figure class=\"mb-4\" data-aos=\"flip-right\" data-aos-duration=\"700\"><img decoding=\"async\" src=\"https:\/\/cdn.digiturunc.com\/media\/support-icon2.png\" alt=\"\"\/><\/figure>\r\n\t\t                    <h4 class=\"mb-3 color-333 font-600\" data-aos=\"fade-up\" data-aos-duration=\"700\">DA\u0130MA S\u0130Z\u0130NLEY\u0130Z!<\/h4>\r\n\t\t                    <p class=\"mb-0\" data-aos=\"fade-up\" data-aos-duration=\"900\">Bireysel kurumsal ayr\u0131m\u0131 yapmadan d\u00fcnya standartlar\u0131ndaki internet hizmetlerini y\u0131llard\u0131r en uygun fiyatlarla sizlere sunuyoruz. Bize g\u00fcvenen 40.000 de\u011ferli m\u00fc\u015fterimiz bunun bir kan\u0131t\u0131.<\/p>\r\n\t\t                <!-- support-box -->\r\n\t\t                <\/aside>\r\n\t\t            <\/div>\r\n\t\t       \t\t\t\t\t\r\n\t\t            <div class=\"col-xl-4 col-lg-4 mb-xl-0 mb-lg-0 mb-3\">\r\n\t\t                <aside class=\"support-box font-300 background-fff\">  \r\n\t\t                    <figure class=\"mb-4\" data-aos=\"flip-right\" data-aos-duration=\"700\"><img decoding=\"async\" src=\"https:\/\/cdn.digiturunc.com\/media\/support-icon3.png\" alt=\"\"\/><\/figure>\r\n\t\t                    <h4 class=\"mb-3 color-333 font-600\" data-aos=\"fade-up\" data-aos-duration=\"700\">TEKNOLOJ\u0130, HERKES \u0130\u00c7\u0130N!<\/h4>\r\n\t\t                    <p class=\"mb-0\" data-aos=\"fade-up\" data-aos-duration=\"900\">Bulut bili\u015fim, a\u011f yedeklili\u011fi, sanalla\u015ft\u0131rma. Bu ve di\u011fer yeni kavramlar sizi endi\u015felendirmesin. Siz i\u015finize odaklan\u0131n, gerisini bize b\u0131rak\u0131n.<\/p>\r\n\t\t                <!-- support-box -->\r\n\t\t                <\/aside>\r\n\t\t            <\/div>\r\n\t\t             \r\n\t      <!-- row -->\r\n\t      <\/div>\r\n\t    <!-- container -->\r\n\t    <\/section>  \r\n\t<!-- main-box -->\r\n\t<\/div>\r\n<\/div>","protected":false},"excerpt":{"rendered":"","protected":false},"author":2,"featured_media":0,"parent":0,"menu_order":0,"comment_status":"closed","ping_status":"closed","template":"","meta":{"menu_relation_product":"","footnotes":""},"class_list":["post-635","page","type-page","status-publish","hentry"],"yoast_head":"<title>Digiturunc: Firmam\u0131z Hosting, Dedicated Server ve Cloud hosting<\/title>\n<meta name=\"description\" content=\"Digiturunc, en iyi VPS ve bulut bar\u0131nd\u0131rma sa\u011flay\u0131c\u0131lar\u0131ndan biridir ve milyonlarca web sitesine g\u00fc\u00e7 verir. Firmam\u0131z Hosting\" \/>\n<meta name=\"robots\" content=\"index, follow, max-snippet:-1, max-image-preview:large, max-video-preview:-1\" \/>\n<link rel=\"canonical\" href=\"https:\/\/www.digiturunc.com\/tr\/\" \/>\n<meta property=\"og:locale\" content=\"tr_TR\" \/>\n<meta property=\"og:type\" content=\"article\" \/>\n<meta property=\"og:title\" content=\"Digiturunc: Firmam\u0131z Hosting, Dedicated Server ve Cloud hosting\" \/>\n<meta property=\"og:description\" content=\"Digiturunc, en iyi VPS ve bulut bar\u0131nd\u0131rma sa\u011flay\u0131c\u0131lar\u0131ndan biridir ve milyonlarca web sitesine g\u00fc\u00e7 verir. Firmam\u0131z Hosting\" \/>\n<meta property=\"og:url\" content=\"https:\/\/www.digiturunc.com\/tr\/\" \/>\n<meta property=\"og:site_name\" content=\"DigiTurunc\" \/>\n<meta property=\"article:modified_time\" content=\"2022-03-15T23:42:47+00:00\" \/>\n<meta name=\"twitter:card\" content=\"summary_large_image\" \/>\n<meta name=\"twitter:site\" content=\"@digiturunc\" \/>\n<script type=\"application\/ld+json\" class=\"yoast-schema-graph\">{\"@context\":\"https:\/\/schema.org\",\"@graph\":[{\"@type\":\"WebPage\",\"@id\":\"https:\/\/www.digiturunc.com\/tr\/\",\"url\":\"https:\/\/www.digiturunc.com\/tr\/\",\"name\":\"Digiturunc: Firmam\u0131z Hosting, Dedicated Server ve Cloud hosting\",\"isPartOf\":{\"@id\":\"https:\/\/www.digiturunc.com\/tr\/#website\"},\"datePublished\":\"2020-05-19T11:19:34+00:00\",\"dateModified\":\"2022-03-15T23:42:47+00:00\",\"description\":\"Digiturunc, en iyi VPS ve bulut bar\u0131nd\u0131rma sa\u011flay\u0131c\u0131lar\u0131ndan biridir ve milyonlarca web sitesine g\u00fc\u00e7 verir. Firmam\u0131z Hosting\",\"breadcrumb\":{\"@id\":\"https:\/\/www.digiturunc.com\/tr\/#breadcrumb\"},\"inLanguage\":\"tr\",\"potentialAction\":[{\"@type\":\"ReadAction\",\"target\":[\"https:\/\/www.digiturunc.com\/tr\/\"]}]},{\"@type\":\"BreadcrumbList\",\"@id\":\"https:\/\/www.digiturunc.com\/tr\/#breadcrumb\",\"itemListElement\":[{\"@type\":\"ListItem\",\"position\":1,\"name\":\"Anasayfa\",\"item\":\"https:\/\/www.digiturunc.com\/tr\/\"},{\"@type\":\"ListItem\",\"position\":2,\"name\":\"Home Page\"}]},{\"@type\":\"WebSite\",\"@id\":\"https:\/\/www.digiturunc.com\/tr\/#website\",\"url\":\"https:\/\/www.digiturunc.com\/tr\/\",\"name\":\"DigiTurunc\",\"description\":\"Cloud Hosting , VDS Services , Dedicated Server\",\"potentialAction\":[{\"@type\":\"SearchAction\",\"target\":{\"@type\":\"EntryPoint\",\"urlTemplate\":\"https:\/\/www.digiturunc.com\/tr\/?s={search_term_string}\"},\"query-input\":{\"@type\":\"PropertyValueSpecification\",\"valueRequired\":true,\"valueName\":\"search_term_string\"}}],\"inLanguage\":\"tr\"}]}<\/script>","yoast_head_json":{"title":"Digiturunc: Firmam\u0131z Hosting, Dedicated Server ve Cloud hosting","description":"Digiturunc, en iyi VPS ve bulut bar\u0131nd\u0131rma sa\u011flay\u0131c\u0131lar\u0131ndan biridir ve milyonlarca web sitesine g\u00fc\u00e7 verir. Firmam\u0131z Hosting","robots":{"index":"index","follow":"follow","max-snippet":"max-snippet:-1","max-image-preview":"max-image-preview:large","max-video-preview":"max-video-preview:-1"},"canonical":"https:\/\/www.digiturunc.com\/tr\/","og_locale":"tr_TR","og_type":"article","og_title":"Digiturunc: Firmam\u0131z Hosting, Dedicated Server ve Cloud hosting","og_description":"Digiturunc, en iyi VPS ve bulut bar\u0131nd\u0131rma sa\u011flay\u0131c\u0131lar\u0131ndan biridir ve milyonlarca web sitesine g\u00fc\u00e7 verir. Firmam\u0131z Hosting","og_url":"https:\/\/www.digiturunc.com\/tr\/","og_site_name":"DigiTurunc","article_modified_time":"2022-03-15T23:42:47+00:00","twitter_card":"summary_large_image","twitter_site":"@digiturunc","schema":{"@context":"https:\/\/schema.org","@graph":[{"@type":"WebPage","@id":"https:\/\/www.digiturunc.com\/tr\/","url":"https:\/\/www.digiturunc.com\/tr\/","name":"Digiturunc: Firmam\u0131z Hosting, Dedicated Server ve Cloud hosting","isPartOf":{"@id":"https:\/\/www.digiturunc.com\/tr\/#website"},"datePublished":"2020-05-19T11:19:34+00:00","dateModified":"2022-03-15T23:42:47+00:00","description":"Digiturunc, en iyi VPS ve bulut bar\u0131nd\u0131rma sa\u011flay\u0131c\u0131lar\u0131ndan biridir ve milyonlarca web sitesine g\u00fc\u00e7 verir. Firmam\u0131z Hosting","breadcrumb":{"@id":"https:\/\/www.digiturunc.com\/tr\/#breadcrumb"},"inLanguage":"tr","potentialAction":[{"@type":"ReadAction","target":["https:\/\/www.digiturunc.com\/tr\/"]}]},{"@type":"BreadcrumbList","@id":"https:\/\/www.digiturunc.com\/tr\/#breadcrumb","itemListElement":[{"@type":"ListItem","position":1,"name":"Anasayfa","item":"https:\/\/www.digiturunc.com\/tr\/"},{"@type":"ListItem","position":2,"name":"Home Page"}]},{"@type":"WebSite","@id":"https:\/\/www.digiturunc.com\/tr\/#website","url":"https:\/\/www.digiturunc.com\/tr\/","name":"DigiTurunc","description":"Cloud Hosting , VDS Services , Dedicated Server","potentialAction":[{"@type":"SearchAction","target":{"@type":"EntryPoint","urlTemplate":"https:\/\/www.digiturunc.com\/tr\/?s={search_term_string}"},"query-input":{"@type":"PropertyValueSpecification","valueRequired":true,"valueName":"search_term_string"}}],"inLanguage":"tr"}]}},"_links":{"self":[{"href":"https:\/\/www.digiturunc.com\/tr\/wp-json\/wp\/v2\/pages\/635","targetHints":{"allow":["GET"]}}],"collection":[{"href":"https:\/\/www.digiturunc.com\/tr\/wp-json\/wp\/v2\/pages"}],"about":[{"href":"https:\/\/www.digiturunc.com\/tr\/wp-json\/wp\/v2\/types\/page"}],"author":[{"embeddable":true,"href":"https:\/\/www.digiturunc.com\/tr\/wp-json\/wp\/v2\/users\/2"}],"replies":[{"embeddable":true,"href":"https:\/\/www.digiturunc.com\/tr\/wp-json\/wp\/v2\/comments?post=635"}],"version-history":[{"count":8,"href":"https:\/\/www.digiturunc.com\/tr\/wp-json\/wp\/v2\/pages\/635\/revisions"}],"predecessor-version":[{"id":910,"href":"https:\/\/www.digiturunc.com\/tr\/wp-json\/wp\/v2\/pages\/635\/revisions\/910"}],"wp:attachment":[{"href":"https:\/\/www.digiturunc.com\/tr\/wp-json\/wp\/v2\/media?parent=635"}],"curies":[{"name":"wp","href":"https:\/\/api.w.org\/{rel}","templated":true}]}}