{"id":557,"date":"2020-08-16T12:22:51","date_gmt":"2020-08-16T12:22:51","guid":{"rendered":"http:\/\/digiturunc.com\/contact-us\/"},"modified":"2023-07-29T05:25:52","modified_gmt":"2023-07-29T05:25:52","slug":"contact-us","status":"publish","type":"page","link":"https:\/\/www.digiturunc.com\/tr\/contact-us\/","title":{"rendered":"Bizimle ileti\u015fime ge\u00e7in"},"content":{"rendered":"<div class=\"lazyblock-inner-page-banner-Z1Fw0pu wp-block-lazyblock-inner-page-banner\"><div class=\"vps-banner-con col-xl-12\" style=\"background-image: url('https:\/\/cdn.digiturunc.com\/media\/vps-banner.png') !important;\">\r\n  <section class=\"container\">\r\n    <div class=\"row\">  \r\n        <div class=\"vps-banner color-fff col-xl-12\">\r\n            <div class=\"col-xl-6 col-lg-7 p-0 float-left\">\r\n                <h1 class=\"font-700 mb-3 pt-xl-5 pt-3\">Bizimle ileti\u015fime ge\u00e7in<\/h1>\r\n                <p class=\"mb-0 font-400\">T\u00fcm Digiturunc ekibi sizinle konu\u015fmaktan ve \u015fimdiden t\u00fcm sorular\u0131n\u0131z\u0131 cevaplamaktan mutluluk duyar.<\/p>                    \r\n            <\/div>\r\n            <div class=\"col-xl-6 col-lg-5 float-left text-right vps-mascot\"><img decoding=\"async\" src=\"https:\/\/cdn.digiturunc.com\/media\/mascot-contact.png\" alt=\"\" \/><\/div>\r\n        <!-- vps-banner -->\r\n        <\/div>\r\n    <!-- row -->\r\n    <\/div>\r\n    <!-- container -->\r\n    <\/section>\r\n<!-- vps-banner-con -->\r\n<\/div><\/div>\n\n<div class=\"wp-bootstrap-blocks-container container mb-2 background-fff\">\n\t\n<div class=\"wp-bootstrap-blocks-row row padding-top padding-bottom \">\n\t\n\n<div class=\"col-12 col-md-3 inside-panel\">\n\t\t\t\n\n<ul class=\"wp-block-list\"><li><a href=\"\/tr\/contact-us\" class=\"active\">Bizimle ileti\u015fime ge\u00e7in<\/a><\/li><li><a href=\"\/tr\/about-us\">Hakk\u0131m\u0131zda<\/a><\/li><li><a href=\"\/tr\/service-agreement\/\">H\u0130ZMET S\u00d6ZLE\u015eMES\u0130<\/a><\/li><li><a rel=\"noreferrer noopener\" href=\"https:\/\/my.digiturunc.com\/submitticket.php\" target=\"_blank\">Yeni destek talebi<\/a><\/li><\/ul>\n\n\n\n<p><\/p>\n\n\t<\/div>\n\n\n\n<div class=\"col-12 col-md-9 content simple\">\n\t\t\t\n<div class=\"wp-bootstrap-blocks-row row\">\n\t\n\n<div class=\"col-12 col-md-12\">\n\t\t\t\n\n<h2 class=\"wp-block-heading\">\u0130LET\u0130\u015e\u0130M B\u0130LG\u0130LER\u0130M\u0130Z<\/h2>\n\n\t<\/div>\n\n\n\n<div class=\"col-12 col-md-12\">\n\t\t\t\n<div class=\"wp-bootstrap-blocks-row row\">\n\t\n\n<div class=\"col-12 col-md-12\">\n\t\t\t\n<div class=\"wp-bootstrap-blocks-row row\">\n\t\n\n<div class=\"col-12 col-md-4\">\n\t\t\t\n\n<p>\u0130zzetpa\u015fa Mah, Yeni Yol Cd., No 3, Kat 3\/303, Nurol Tower \u015ei\u015fli\/\u0130stanbul<\/p>\n\n\t<\/div>\n\n\n\n<div class=\"col-12 col-md-4\">\n\t\t\t\n\n<p>+90 850\u00a0888 8002<br>+90 850 255 5551<\/p>\n\n\t<\/div>\n\n\n\n<div class=\"col-12 col-md-4\">\n\t\t\t\n\n<p>destek@digiturunc.com<br>info@digiturunc.com<\/p>\n\n\t<\/div>\n\n<\/div>\n\n\t<\/div>\n\n\n\n<div class=\"col-12 col-md-12\">\n\t\t\t\n\n<div class=\"wpcf7 no-js\" id=\"wpcf7-f319-o1\" lang=\"en-US\" dir=\"ltr\" data-wpcf7-id=\"319\">\n<div class=\"screen-reader-response\"><p role=\"status\" aria-live=\"polite\" aria-atomic=\"true\"><\/p> <ul><\/ul><\/div>\n<form action=\"\/tr\/wp-json\/wp\/v2\/pages\/557#wpcf7-f319-o1\" method=\"post\" class=\"wpcf7-form init\" aria-label=\"Contact form\" novalidate=\"novalidate\" data-status=\"init\">\n<fieldset class=\"hidden-fields-container\"><input type=\"hidden\" name=\"_wpcf7\" value=\"319\" \/><input type=\"hidden\" name=\"_wpcf7_version\" value=\"6.1.3\" \/><input type=\"hidden\" name=\"_wpcf7_locale\" value=\"en_US\" \/><input type=\"hidden\" name=\"_wpcf7_unit_tag\" value=\"wpcf7-f319-o1\" \/><input type=\"hidden\" name=\"_wpcf7_container_post\" value=\"0\" \/><input type=\"hidden\" name=\"_wpcf7_posted_data_hash\" value=\"\" \/>\n<\/fieldset>\n<div class=\"form-row\">\n\t<div class=\"form-group col-md-6\">\n\t\t<p><span class=\"wpcf7-form-control-wrap\" data-name=\"your-name\"><input size=\"40\" maxlength=\"400\" class=\"wpcf7-form-control wpcf7-text wpcf7-validates-as-required form-control\" aria-required=\"true\" aria-invalid=\"false\" placeholder=\"Your Name\" value=\"\" type=\"text\" name=\"your-name\" \/><\/span>\n\t\t<\/p>\n\t<\/div>\n\t<div class=\"form-group col-md-6\">\n\t\t<p><span class=\"wpcf7-form-control-wrap\" data-name=\"your-email\"><input size=\"40\" maxlength=\"400\" class=\"wpcf7-form-control wpcf7-email wpcf7-validates-as-required wpcf7-text wpcf7-validates-as-email form-control\" aria-required=\"true\" aria-invalid=\"false\" placeholder=\"Your Mail\" value=\"\" type=\"email\" name=\"your-email\" \/><\/span>\n\t\t<\/p>\n\t<\/div>\n<\/div>\n<div class=\"form-group\">\n\t<p><span class=\"wpcf7-form-control-wrap\" data-name=\"your-subject\"><input size=\"40\" maxlength=\"400\" class=\"wpcf7-form-control wpcf7-text wpcf7-validates-as-required form-control\" aria-required=\"true\" aria-invalid=\"false\" placeholder=\"Subject\" value=\"\" type=\"text\" name=\"your-subject\" \/><\/span>\n\t<\/p>\n<\/div>\n<div class=\"form-row\">\n\t<div class=\"form-group col-md-12\">\n\t\t<p><span class=\"wpcf7-form-control-wrap\" data-name=\"your-message\"><textarea cols=\"40\" rows=\"10\" maxlength=\"2000\" class=\"wpcf7-form-control wpcf7-textarea wpcf7-validates-as-required form-control\" aria-required=\"true\" aria-invalid=\"false\" placeholder=\"Your Message\" name=\"your-message\"><\/textarea><\/span>\n\t\t<\/p>\n\t<\/div>\n<\/div>\n<div class=\"form-row\">\n\t<div class=\"form-group col-md-1 d-flex align-items-center\">\n\t\t<p><input class=\"wpcf7-form-control wpcf7-submit has-spinner btn btn-primary btn-lg\" type=\"submit\" value=\"Send\" \/>\n\t\t<\/p>\n\t<\/div>\n<\/div><div class=\"wpcf7-response-output\" aria-hidden=\"true\"><\/div>\n<\/form>\n<\/div>\n\n\n\t<\/div>\n\n<\/div>\n\n\n\n<p><\/p>\n\n\t<\/div>\n\n<\/div>\n\n\t<\/div>\n\n<\/div>\n\n\n\n<p><\/p>\n\n<\/div>\n","protected":false},"excerpt":{"rendered":"","protected":false},"author":2,"featured_media":0,"parent":0,"menu_order":0,"comment_status":"closed","ping_status":"closed","template":"","meta":{"menu_relation_product":"","footnotes":""},"class_list":["post-557","page","type-page","status-publish","hentry"],"yoast_head":"<title>Bizimle ileti\u015fime ge\u00e7in - DigiTurunc<\/title>\n<meta name=\"robots\" content=\"index, follow, max-snippet:-1, max-image-preview:large, max-video-preview:-1\" \/>\n<link rel=\"canonical\" href=\"https:\/\/www.digiturunc.com\/tr\/contact-us\/\" \/>\n<meta property=\"og:locale\" content=\"tr_TR\" \/>\n<meta property=\"og:type\" content=\"article\" \/>\n<meta property=\"og:title\" content=\"Bizimle ileti\u015fime ge\u00e7in - DigiTurunc\" \/>\n<meta property=\"og:url\" content=\"https:\/\/www.digiturunc.com\/tr\/contact-us\/\" \/>\n<meta property=\"og:site_name\" content=\"DigiTurunc\" \/>\n<meta property=\"article:modified_time\" content=\"2023-07-29T05:25:52+00:00\" \/>\n<meta name=\"twitter:card\" content=\"summary_large_image\" \/>\n<meta name=\"twitter:site\" content=\"@digiturunc\" \/>\n<meta name=\"twitter:label1\" content=\"Tahmini okuma s\u00fcresi\" \/>\n\t<meta name=\"twitter:data1\" content=\"1 dakika\" \/>\n<script type=\"application\/ld+json\" class=\"yoast-schema-graph\">{\"@context\":\"https:\/\/schema.org\",\"@graph\":[{\"@type\":\"WebPage\",\"@id\":\"https:\/\/www.digiturunc.com\/tr\/contact-us\/\",\"url\":\"https:\/\/www.digiturunc.com\/tr\/contact-us\/\",\"name\":\"Bizimle ileti\u015fime ge\u00e7in - DigiTurunc\",\"isPartOf\":{\"@id\":\"https:\/\/www.digiturunc.com\/tr\/#website\"},\"datePublished\":\"2020-08-16T12:22:51+00:00\",\"dateModified\":\"2023-07-29T05:25:52+00:00\",\"breadcrumb\":{\"@id\":\"https:\/\/www.digiturunc.com\/tr\/contact-us\/#breadcrumb\"},\"inLanguage\":\"tr\",\"potentialAction\":[{\"@type\":\"ReadAction\",\"target\":[\"https:\/\/www.digiturunc.com\/tr\/contact-us\/\"]}]},{\"@type\":\"BreadcrumbList\",\"@id\":\"https:\/\/www.digiturunc.com\/tr\/contact-us\/#breadcrumb\",\"itemListElement\":[{\"@type\":\"ListItem\",\"position\":1,\"name\":\"Anasayfa\",\"item\":\"https:\/\/www.digiturunc.com\/tr\/\"},{\"@type\":\"ListItem\",\"position\":2,\"name\":\"Bizimle ileti\u015fime ge\u00e7in\"}]},{\"@type\":\"WebSite\",\"@id\":\"https:\/\/www.digiturunc.com\/tr\/#website\",\"url\":\"https:\/\/www.digiturunc.com\/tr\/\",\"name\":\"DigiTurunc\",\"description\":\"Cloud Hosting , VDS Services , Dedicated Server\",\"potentialAction\":[{\"@type\":\"SearchAction\",\"target\":{\"@type\":\"EntryPoint\",\"urlTemplate\":\"https:\/\/www.digiturunc.com\/tr\/?s={search_term_string}\"},\"query-input\":{\"@type\":\"PropertyValueSpecification\",\"valueRequired\":true,\"valueName\":\"search_term_string\"}}],\"inLanguage\":\"tr\"}]}<\/script>","yoast_head_json":{"title":"Bizimle ileti\u015fime ge\u00e7in - DigiTurunc","robots":{"index":"index","follow":"follow","max-snippet":"max-snippet:-1","max-image-preview":"max-image-preview:large","max-video-preview":"max-video-preview:-1"},"canonical":"https:\/\/www.digiturunc.com\/tr\/contact-us\/","og_locale":"tr_TR","og_type":"article","og_title":"Bizimle ileti\u015fime ge\u00e7in - DigiTurunc","og_url":"https:\/\/www.digiturunc.com\/tr\/contact-us\/","og_site_name":"DigiTurunc","article_modified_time":"2023-07-29T05:25:52+00:00","twitter_card":"summary_large_image","twitter_site":"@digiturunc","twitter_misc":{"Tahmini okuma s\u00fcresi":"1 dakika"},"schema":{"@context":"https:\/\/schema.org","@graph":[{"@type":"WebPage","@id":"https:\/\/www.digiturunc.com\/tr\/contact-us\/","url":"https:\/\/www.digiturunc.com\/tr\/contact-us\/","name":"Bizimle ileti\u015fime ge\u00e7in - DigiTurunc","isPartOf":{"@id":"https:\/\/www.digiturunc.com\/tr\/#website"},"datePublished":"2020-08-16T12:22:51+00:00","dateModified":"2023-07-29T05:25:52+00:00","breadcrumb":{"@id":"https:\/\/www.digiturunc.com\/tr\/contact-us\/#breadcrumb"},"inLanguage":"tr","potentialAction":[{"@type":"ReadAction","target":["https:\/\/www.digiturunc.com\/tr\/contact-us\/"]}]},{"@type":"BreadcrumbList","@id":"https:\/\/www.digiturunc.com\/tr\/contact-us\/#breadcrumb","itemListElement":[{"@type":"ListItem","position":1,"name":"Anasayfa","item":"https:\/\/www.digiturunc.com\/tr\/"},{"@type":"ListItem","position":2,"name":"Bizimle ileti\u015fime ge\u00e7in"}]},{"@type":"WebSite","@id":"https:\/\/www.digiturunc.com\/tr\/#website","url":"https:\/\/www.digiturunc.com\/tr\/","name":"DigiTurunc","description":"Cloud Hosting , VDS Services , Dedicated Server","potentialAction":[{"@type":"SearchAction","target":{"@type":"EntryPoint","urlTemplate":"https:\/\/www.digiturunc.com\/tr\/?s={search_term_string}"},"query-input":{"@type":"PropertyValueSpecification","valueRequired":true,"valueName":"search_term_string"}}],"inLanguage":"tr"}]}},"_links":{"self":[{"href":"https:\/\/www.digiturunc.com\/tr\/wp-json\/wp\/v2\/pages\/557","targetHints":{"allow":["GET"]}}],"collection":[{"href":"https:\/\/www.digiturunc.com\/tr\/wp-json\/wp\/v2\/pages"}],"about":[{"href":"https:\/\/www.digiturunc.com\/tr\/wp-json\/wp\/v2\/types\/page"}],"author":[{"embeddable":true,"href":"https:\/\/www.digiturunc.com\/tr\/wp-json\/wp\/v2\/users\/2"}],"replies":[{"embeddable":true,"href":"https:\/\/www.digiturunc.com\/tr\/wp-json\/wp\/v2\/comments?post=557"}],"version-history":[{"count":11,"href":"https:\/\/www.digiturunc.com\/tr\/wp-json\/wp\/v2\/pages\/557\/revisions"}],"predecessor-version":[{"id":1905,"href":"https:\/\/www.digiturunc.com\/tr\/wp-json\/wp\/v2\/pages\/557\/revisions\/1905"}],"wp:attachment":[{"href":"https:\/\/www.digiturunc.com\/tr\/wp-json\/wp\/v2\/media?parent=557"}],"curies":[{"name":"wp","href":"https:\/\/api.w.org\/{rel}","templated":true}]}}