{"id":1330,"date":"2021-08-21T16:22:09","date_gmt":"2021-08-21T16:22:09","guid":{"rendered":"https:\/\/www.digiturunc.com\/?page_id=1330"},"modified":"2021-08-21T16:22:11","modified_gmt":"2021-08-21T16:22:11","slug":"managed-services","status":"publish","type":"page","link":"https:\/\/www.digiturunc.com\/tr\/products\/managed-services\/","title":{"rendered":"Managed Services"},"content":{"rendered":"<div class=\"lazyblock-inner-page-banner-ZEPRwi wp-block-lazyblock-inner-page-banner\"><div class=\"vps-banner-con col-xl-12\" style=\"background-image: url('https:\/\/cdn.digiturunc.com\/media\/blog-banner.png') !important;\">\r\n  <section class=\"container\">\r\n    <div class=\"row\">  \r\n        <div class=\"vps-banner color-fff col-xl-12\">\r\n            <div class=\"col-xl-6 col-lg-7 p-0 float-left\">\r\n                <h1 class=\"font-700 mb-3 pt-xl-5 pt-3\">Managed Services<\/h1>\r\n                <p class=\"mb-0 font-400\">Digi Turunc as LIR can support your company by registering AS numbers, Independent IP and offer your company other RIPE services and do all of your RIPE services maintenances so you can focus on growing up your business without worrying about technical matters!<\/p>                    \r\n            <\/div>\r\n            <div class=\"col-xl-6 col-lg-5 float-left text-right vps-mascot\"><img decoding=\"async\" src=\"https:\/\/cdn.digiturunc.com\/media\/digiturunc-mascot-01.png\" alt=\"\" \/><\/div>\r\n        <!-- vps-banner -->\r\n        <\/div>\r\n    <!-- row -->\r\n    <\/div>\r\n    <!-- container -->\r\n    <\/section>\r\n<!-- vps-banner-con -->\r\n<\/div><\/div>\n\n<div class=\"lazyblock-managed-services-Z1H3ow8 wp-block-lazyblock-managed-services\"><div class=\"main-box padding-top text-center padding-bottom\">\r\n    <section class=\"container\">\r\n      <div class=\"row\">\r\n        <div class=\"vps-tabs col-xl-12\">\r\n              <div class=\"tab-content text-left\">\r\n                <div class=\"tab-pane active\" id=\"Linux\">\r\n\t\t\t\t                      <div class=\"col-xl-3 col-lg-6 mt-4 text-center float-left\">\r\n                        <aside class=\"vps-tab-box col-xl-12 background-fff float-left\">\r\n                            <figure class=\"mb-xl-4 mb-3 mr-3 float-left\" data-aos=\"flip-right\" data-aos-duration=\"700\">\r\n\t\t\t\t\t\t\t<img decoding=\"async\" src=\"https:\/\/cdn.digiturunc.com\/media\/linux-circle.png\" alt=\"\"\/>\r\n\t\t\t\t\t\t\t<\/figure>\r\n                            <h4 class=\"mb-xl-4 mb-3 font-700 text-left w-100 color-333\" data-aos=\"fade-up\" data-aos-duration=\"700\">Linux Servers<\/h4>\r\n                                <div class=\"clearfix\"><\/div>\r\n                            <p class=\"mb-xl-4 mb-3 text-left\" data-aos=\"fade-up\" data-aos-duration=\"900\">Digi Turunc Certified technical team can help you with managing your Linux Servers with all types of control panel (cPanel,Directadmin,Plesk,&#8230;) or even without any control panel to give you best chance to focus on your business.<\/p>\r\n                            <div data-aos=\"fade-up\" data-aos-duration=\"1100\" class=\"default-button yellow-button float-left\"><a class=\"color-fff font-700\" href=\"https:\/\/www.digiturunc.com\/contact-us\/\">Contact US<\/a><\/div>\r\n                        <!-- vps-tab-box -->\r\n                        <\/aside>\r\n                    <\/div>\r\n                                      <div class=\"col-xl-3 col-lg-6 mt-4 text-center float-left\">\r\n                        <aside class=\"vps-tab-box col-xl-12 background-fff float-left\">\r\n                            <figure class=\"mb-xl-4 mb-3 mr-3 float-left\" data-aos=\"flip-right\" data-aos-duration=\"700\">\r\n\t\t\t\t\t\t\t<img decoding=\"async\" src=\"https:\/\/cdn.digiturunc.com\/media\/windows_server_new.png\" alt=\"\"\/>\r\n\t\t\t\t\t\t\t<\/figure>\r\n                            <h4 class=\"mb-xl-4 mb-3 font-700 text-left w-100 color-333\" data-aos=\"fade-up\" data-aos-duration=\"700\">Windows Servers<\/h4>\r\n                                <div class=\"clearfix\"><\/div>\r\n                            <p class=\"mb-xl-4 mb-3 text-left\" data-aos=\"fade-up\" data-aos-duration=\"900\">Digi Turunc Certified technical team can help you with managing your Windows Servers with all types of control panel (Plesk,SolidCP,&#8230;) or even without any control panel to give you best chance to focus on your business with the least technical concern.<\/p>\r\n                            <div data-aos=\"fade-up\" data-aos-duration=\"1100\" class=\"default-button yellow-button float-left\"><a class=\"color-fff font-700\" href=\"https:\/\/www.digiturunc.com\/contact-us\/\">CONTACT US!<\/a><\/div>\r\n                        <!-- vps-tab-box -->\r\n                        <\/aside>\r\n                    <\/div>\r\n                                      <div class=\"col-xl-3 col-lg-6 mt-4 text-center float-left\">\r\n                        <aside class=\"vps-tab-box col-xl-12 background-fff float-left\">\r\n                            <figure class=\"mb-xl-4 mb-3 mr-3 float-left\" data-aos=\"flip-right\" data-aos-duration=\"700\">\r\n\t\t\t\t\t\t\t<img decoding=\"async\" src=\"https:\/\/cdn.digiturunc.com\/media\/network_ip_new.png\" alt=\"\"\/>\r\n\t\t\t\t\t\t\t<\/figure>\r\n                            <h4 class=\"mb-xl-4 mb-3 font-700 text-left w-100 color-333\" data-aos=\"fade-up\" data-aos-duration=\"700\">Managed Network<\/h4>\r\n                                <div class=\"clearfix\"><\/div>\r\n                            <p class=\"mb-xl-4 mb-3 text-left\" data-aos=\"fade-up\" data-aos-duration=\"900\">Digi Turunc Certified technical team can help you with managing your Routers, Switches, Firewalls with any brands (Juniper,Cisco,Fortigate,..) to give you best chance to focus on your business without worrying about technical sides!<\/p>\r\n                            <div data-aos=\"fade-up\" data-aos-duration=\"1100\" class=\"default-button yellow-button float-left\"><a class=\"color-fff font-700\" href=\"https:\/\/www.digiturunc.com\/contact-us\/\">CONTACT US!<\/a><\/div>\r\n                        <!-- vps-tab-box -->\r\n                        <\/aside>\r\n                    <\/div>\r\n                                      <div class=\"col-xl-3 col-lg-6 mt-4 text-center float-left\">\r\n                        <aside class=\"vps-tab-box col-xl-12 background-fff float-left\">\r\n                            <figure class=\"mb-xl-4 mb-3 mr-3 float-left\" data-aos=\"flip-right\" data-aos-duration=\"700\">\r\n\t\t\t\t\t\t\t<img decoding=\"async\" src=\"https:\/\/cdn.digiturunc.com\/media\/private_cloud.png\" alt=\"\"\/>\r\n\t\t\t\t\t\t\t<\/figure>\r\n                            <h4 class=\"mb-xl-4 mb-3 font-700 text-left w-100 color-333\" data-aos=\"fade-up\" data-aos-duration=\"700\">Private Cloud<\/h4>\r\n                                <div class=\"clearfix\"><\/div>\r\n                            <p class=\"mb-xl-4 mb-3 text-left\" data-aos=\"fade-up\" data-aos-duration=\"900\">Digi Turunc Certified technical team can help you with running and managing your private cloud based on OpenStack and VMware to give you best chance to focus on your core business and grow it up fastly without worrying about technical sides!<\/p>\r\n                            <div data-aos=\"fade-up\" data-aos-duration=\"1100\" class=\"default-button yellow-button float-left\"><a class=\"color-fff font-700\" href=\"https:\/\/www.digiturunc.com\/contact-us\/\">CONTACT US!<\/a><\/div>\r\n                        <!-- vps-tab-box -->\r\n                        <\/aside>\r\n                    <\/div>\r\n                                  <\/div>\r\n              <!-- tab-content  -->\r\n              <\/div>\r\n        <!-- vps-tabs -->\r\n        <\/div>\r\n      <!-- row -->\r\n      <\/div>\r\n    <!-- container -->\r\n    <\/section>  \r\n<!-- main-box -->\r\n<\/div>\r\n<\/div>\n\n<div class=\"wp-bootstrap-blocks-container container mb-2 product-plans padding-top text-center padding-bottom\">\n\t\n<div class=\"wp-bootstrap-blocks-row row\">\n\t\n\n<div class=\"col-12 col-md-12\">\n\t\t\t\t<\/div>\n\n\n\n<div class=\"col-12 col-md-12\">\n\t\t\t\t<\/div>\n\n<\/div>\n\n<\/div>\n\n\n<div class=\"lazyblock-feel-performance-Ou9F6 wp-block-lazyblock-feel-performance\"><div class=\"main-box why-us padding-top padding-bottom\">  \r\n   <div class=\"girl-img float-left col-xl-6 p-0\"><\/div>\r\n   <div class=\"col-xl-6 float-left p-0\">\r\n        <div class=\"our-services font-300 performance mt-xl-5 text-xl-left text-center mb-xl-5 background-fff\">\r\n          <h2 class=\"font-700 mb-xl-4 mb-3 color-333\" data-aos=\"fade-up\" data-aos-duration=\"700\">Performans\u0131 Hissedin<\/h2>  \r\n          <p class=\"mb-4\" data-aos=\"fade-up\" data-aos-duration=\"800\">7.000 bireysel, 3.500 kurumsal m\u00fc\u015fteriye hizmet vermekteyiz. 190 sunucumuzda toplam 40.000 web sitemiz bulunuyor. T\u00fcrkiye i\u00e7inde g\u00fcvenli a\u011f altyap\u0131s\u0131 ile h\u0131zl\u0131 ve sorunsuz internet eri\u015fimi ile IBM ve HP kurumsal sunucu tabanl\u0131 kesintisiz hizmet veriyoruz.<\/p>\r\n          <p class=\"mb-0\" data-aos=\"fade-up\" data-aos-duration=\"900\">Kredi kart\u0131 ile vermi\u015f oldu\u011funuz sipari\u015flerde 7\/24 an\u0131nda aktivasyon. \u00d6demelerinizi banka havalesi ile de yapabilirsiniz.<\/p>\r\n        <!-- our-services -->        \r\n        <\/div>                       \r\n      <\/div>\r\n<!-- main-box -->\r\n<\/div><\/div>\n\n<div class=\"lazyblock-support-2szOKp wp-block-lazyblock-support\"><div class=\"main-box support text-center padding-top padding-bottom\">\r\n\t    <section class=\"container\">\r\n\t      <div class=\"row\">\r\n\t            <h2 class=\"font-600 mb-xl-5 mb-3 w-100 color-fff\" data-aos=\"fade-up\" data-aos-duration=\"700\"><\/h2>    \r\n\t\t\t\t\t\t\t\t\t\r\n\t\t            <div class=\"col-xl-4 col-lg-4 mb-xl-0 mb-lg-0 mb-3\">\r\n\t\t                <aside class=\"support-box font-300 background-fff\">  \r\n\t\t                    <figure class=\"mb-4\" data-aos=\"flip-right\" data-aos-duration=\"700\"><img decoding=\"async\" src=\"https:\/\/cdn.digiturunc.com\/media\/support-icon1.png\" alt=\"\"\/><\/figure>\r\n\t\t                    <h4 class=\"mb-3 color-333 font-600\" data-aos=\"fade-up\" data-aos-duration=\"700\">Destek<\/h4>\r\n\t\t                    <p class=\"mb-0\" data-aos=\"fade-up\" data-aos-duration=\"900\">Destek personelimiz, bar\u0131nd\u0131rmayla ilgili herhangi bir sorunda Telefon, Canl\u0131 Sohbet veya E-posta yoluyla size yard\u0131mc\u0131 olmak i\u00e7in 7\/24\/365 hizmetinizdedir.<\/p>\r\n\t\t                <!-- support-box -->\r\n\t\t                <\/aside>\r\n\t\t            <\/div>\r\n\t\t       \t\t\t\t\t\r\n\t\t            <div class=\"col-xl-4 col-lg-4 mb-xl-0 mb-lg-0 mb-3\">\r\n\t\t                <aside class=\"support-box font-300 background-fff\">  \r\n\t\t                    <figure class=\"mb-4\" data-aos=\"flip-right\" data-aos-duration=\"700\"><img decoding=\"async\" src=\"https:\/\/cdn.digiturunc.com\/media\/support-icon2.png\" alt=\"\"\/><\/figure>\r\n\t\t                    <h4 class=\"mb-3 color-333 font-600\" data-aos=\"fade-up\" data-aos-duration=\"700\">Uzman Personel<\/h4>\r\n\t\t                    <p class=\"mb-0\" data-aos=\"fade-up\" data-aos-duration=\"900\">E\u011fitimli, kurum i\u00e7i uzmanlar 7\/24 yard\u0131m etmek i\u00e7in buradalar. G\u00fc\u00e7l\u00fc yard\u0131m merkezimizde k\u0131lavuzlar, e\u011fitim videolar\u0131 ve daha fazlas\u0131 bulunur.<\/p>\r\n\t\t                <!-- support-box -->\r\n\t\t                <\/aside>\r\n\t\t            <\/div>\r\n\t\t       \t\t\t\t\t\r\n\t\t            <div class=\"col-xl-4 col-lg-4 mb-xl-0 mb-lg-0 mb-3\">\r\n\t\t                <aside class=\"support-box font-300 background-fff\">  \r\n\t\t                    <figure class=\"mb-4\" data-aos=\"flip-right\" data-aos-duration=\"700\"><img decoding=\"async\" src=\"https:\/\/cdn.digiturunc.com\/media\/support-icon3.png\" alt=\"\"\/><\/figure>\r\n\t\t                    <h4 class=\"mb-3 color-333 font-600\" data-aos=\"fade-up\" data-aos-duration=\"700\">Y\u00fcksek kullan\u0131labilirlik<\/h4>\r\n\t\t                    <p class=\"mb-0\" data-aos=\"fade-up\" data-aos-duration=\"900\">Web sitenizin kullan\u0131labilirli\u011fi bizim \u00f6nceli\u011fimizdir. \u00c7al\u0131\u015fma s\u00fcresi garantimizle bu ger\u00e7e\u011fin arkas\u0131nday\u0131z!<\/p>\r\n\t\t                <!-- support-box -->\r\n\t\t                <\/aside>\r\n\t\t            <\/div>\r\n\t\t             \r\n\t      <!-- row -->\r\n\t      <\/div>\r\n\t    <!-- container -->\r\n\t    <\/section>  \r\n\t<!-- main-box -->\r\n\t<\/div>\r\n<\/div>\n\n<div class=\"lazyblock-faq-1Ac4j5 wp-block-lazyblock-faq\"><div class=\"main-box padding-top text-center padding-bottom\">\r\n    <section class=\"container\">\r\n      <div class=\"row\">\r\n        <h2 class=\"font-700 mb-xl-5 mb-3 w-100 color-333\" data-aos=\"fade-up\" data-aos-duration=\"700\">\r\n            S\u0131k\u00e7a Sorulan Sorular            <\/h2>\r\n        <div id=\"accordion\" class=\"text-left col-xl-12 font-300\">\r\n        \r\n\t\t\r\n         \r\n                <div class=\"card mb-3 background-fff\"  data-aos=\"fade-up\" data-aos-duration=\"700\">\r\n                <div class=\"card-header\" id=\"heading1\">\r\n                  <h5 class=\"mb-0\">\r\n                    <button class=\"btn btn-link \" data-toggle=\"collapse\" data-target=\"#collapse1\" aria-expanded=\"true\" aria-controls=\"collapse1\">\r\n                      Digiturunc web bar\u0131nd\u0131rma hizmetine nas\u0131l ba\u015flayabilirim?                    <\/button>\r\n                  <\/h5>\r\n                <\/div>          \r\n                <div id=\"collapse1\" class=\"collapse show \" aria-labelledby=\"heading1\" data-parent=\"#accordion\">\r\n                  <div class=\"card-body\">\r\n                      <p class=\"mb-0\">Digiturunc&#8217;u tercih etti\u011finiz i\u00e7in mutluyuz. Bar\u0131nd\u0131rma paketlerinden birini se\u00e7in ve birka\u00e7 basit ad\u0131mda sipari\u015finizi kaydedin. \u00d6demenin hemen sonras\u0131nda alan\u0131n\u0131z\u0131 kullanabilirsiniz.<\/p>\r\n                  <\/div>\r\n                <\/div>\r\n              <\/div>\r\n\r\n            \r\n         \r\n                <div class=\"card mb-3 background-fff\"  data-aos=\"fade-up\" data-aos-duration=\"800\">\r\n                <div class=\"card-header\" id=\"heading2\">\r\n                  <h5 class=\"mb-0\">\r\n                    <button class=\"btn btn-link collapsed \" data-toggle=\"collapse\" data-target=\"#collapse2\" aria-expanded=\"true\" aria-controls=\"collapse2\">\r\n                      Payla\u015f\u0131ml\u0131 Bar\u0131nd\u0131rma nedir?                    <\/button>\r\n                  <\/h5>\r\n                <\/div>          \r\n                <div id=\"collapse2\" class=\"collapse \" aria-labelledby=\"heading2\" data-parent=\"#accordion\">\r\n                  <div class=\"card-body\">\r\n                      <p class=\"mb-0\">Payla\u015f\u0131ml\u0131 bar\u0131nd\u0131rma, her t\u00fcrl\u00fc kurumsal, bireysel ve organizasyonel web sitesini bar\u0131nd\u0131rmak i\u00e7in uygun bir alan ve basit bir \u00e7\u00f6z\u00fcmd\u00fcr.<\/p>\r\n                  <\/div>\r\n                <\/div>\r\n              <\/div>\r\n\r\n            \r\n         \r\n                <div class=\"card mb-3 background-fff\"  data-aos=\"fade-up\" data-aos-duration=\"900\">\r\n                <div class=\"card-header\" id=\"heading3\">\r\n                  <h5 class=\"mb-0\">\r\n                    <button class=\"btn btn-link collapsed \" data-toggle=\"collapse\" data-target=\"#collapse3\" aria-expanded=\"true\" aria-controls=\"collapse3\">\r\n                      Payla\u015f\u0131ml\u0131 Bar\u0131nd\u0131rman\u0131n Avantajlar\u0131 nelerdir?                    <\/button>\r\n                  <\/h5>\r\n                <\/div>          \r\n                <div id=\"collapse3\" class=\"collapse \" aria-labelledby=\"heading3\" data-parent=\"#accordion\">\r\n                  <div class=\"card-body\">\r\n                      <p class=\"mb-0\">Optimum fiyat\u0131n\u0131n yan\u0131 s\u0131ra payla\u015f\u0131ml\u0131 bar\u0131nd\u0131rma, web sitenizi bar\u0131nd\u0131rmak i\u00e7in basit ve h\u0131zl\u0131 bir \u00e7\u00f6z\u00fcmd\u00fcr. Digiturunc bar\u0131nd\u0131rma hizmetinde, size y\u00fcksek h\u0131z ve payla\u015f\u0131ml\u0131 bar\u0131nd\u0131rman\u0131n di\u011fer avantajlar\u0131 sa\u011flanacakt\u0131r.<\/p>\r\n                  <\/div>\r\n                <\/div>\r\n              <\/div>\r\n\r\n            \r\n         \r\n                <div class=\"card mb-3 background-fff\"  data-aos=\"fade-up\" data-aos-duration=\"1000\">\r\n                <div class=\"card-header\" id=\"heading4\">\r\n                  <h5 class=\"mb-0\">\r\n                    <button class=\"btn btn-link collapsed \" data-toggle=\"collapse\" data-target=\"#collapse4\" aria-expanded=\"true\" aria-controls=\"collapse4\">\r\n                      Payla\u015f\u0131ml\u0131 ve WordPress Bar\u0131nd\u0131rma aras\u0131ndaki fark nedir?                    <\/button>\r\n                  <\/h5>\r\n                <\/div>          \r\n                <div id=\"collapse4\" class=\"collapse \" aria-labelledby=\"heading4\" data-parent=\"#accordion\">\r\n                  <div class=\"card-body\">\r\n                      <p class=\"mb-0\">Payla\u015f\u0131ml\u0131 bar\u0131nd\u0131rma, sitenizin kaynaklar\u0131n\u0131 ayn\u0131 sunucuda bar\u0131nd\u0131r\u0131lan di\u011fer sitelerle payla\u015ft\u0131\u011f\u0131 bir bar\u0131nd\u0131rma plan\u0131d\u0131r. Payla\u015f\u0131ml\u0131 bar\u0131nd\u0131rma, b\u00fcy\u00fck \u00f6l\u00e7\u00fcde d\u00fc\u015f\u00fck maliyeti nedeniyle, yeni ve daha k\u00fc\u00e7\u00fck siteler i\u00e7in pop\u00fcler bir se\u00e7imdir. \u00d6te yandan, WordPress bar\u0131nd\u0131rma, otomatik WordPress g\u00fcncellemeleri ve kurulumu da dahil olacak \u015fekilde t\u00fcm WordPress \u00f6zellikleriyle tamamen entegre durumdad\u0131r.<\/p>\r\n                  <\/div>\r\n                <\/div>\r\n              <\/div>\r\n\r\n            \r\n         \r\n                <div class=\"card mb-3 background-fff\"  data-aos=\"fade-up\" data-aos-duration=\"1100\">\r\n                <div class=\"card-header\" id=\"heading5\">\r\n                  <h5 class=\"mb-0\">\r\n                    <button class=\"btn btn-link collapsed \" data-toggle=\"collapse\" data-target=\"#collapse5\" aria-expanded=\"true\" aria-controls=\"collapse5\">\r\n                      Web bar\u0131nd\u0131rma paketime hangi hizmetleri ve y\u00fckseltmeleri ekleyebilirim?                    <\/button>\r\n                  <\/h5>\r\n                <\/div>          \r\n                <div id=\"collapse5\" class=\"collapse \" aria-labelledby=\"heading5\" data-parent=\"#accordion\">\r\n                  <div class=\"card-body\">\r\n                      <p class=\"mb-0\">Bar\u0131nd\u0131rma paketlerinden herhangi birini sat\u0131n ald\u0131ktan sonra paketinizi diledi\u011finiz zaman daha y\u00fcksek paketlere y\u00fckseltebilirsiniz. Ayr\u0131ca, \u00fccretsiz SSL\u2019den de yararlanabilirsiniz.<\/p>\r\n                  <\/div>\r\n                <\/div>\r\n              <\/div>\r\n\r\n            \r\n         \r\n                <div class=\"card mb-3 background-fff\"  data-aos=\"fade-up\" data-aos-duration=\"1200\">\r\n                <div class=\"card-header\" id=\"heading6\">\r\n                  <h5 class=\"mb-0\">\r\n                    <button class=\"btn btn-link collapsed \" data-toggle=\"collapse\" data-target=\"#collapse6\" aria-expanded=\"true\" aria-controls=\"collapse6\">\r\n                      Neden bir alan ad\u0131na ihtiyac\u0131m var?                    <\/button>\r\n                  <\/h5>\r\n                <\/div>          \r\n                <div id=\"collapse6\" class=\"collapse \" aria-labelledby=\"heading6\" data-parent=\"#accordion\">\r\n                  <div class=\"card-body\">\r\n                      <p class=\"mb-0\">Alan ad\u0131, web sitenizin adresidir ve markan\u0131z ve i\u015fletmenizle do\u011frudan bir ili\u015fkisi bulunur. Alan ad\u0131 olmadan bir web sitesi sahibi olamazs\u0131n\u0131z. Bir web sitesi kurman\u0131n ilk ad\u0131m\u0131, bir alan ad\u0131 se\u00e7mek ve uygun bir bar\u0131nd\u0131rma sunucusu sa\u011flamakt\u0131r.<\/p>\r\n                  <\/div>\r\n                <\/div>\r\n              <\/div>\r\n\r\n                        \r\n            \r\n           \r\n            \r\n            \r\n            \r\n          <\/div>\r\n      <!-- row -->\r\n      <\/div>\r\n    <!-- container -->\r\n    <\/section>  \r\n<!-- main-box -->\r\n<\/div><\/div>","protected":false},"excerpt":{"rendered":"","protected":false},"author":2,"featured_media":0,"parent":1277,"menu_order":0,"comment_status":"closed","ping_status":"closed","template":"","meta":{"menu_relation_product":"","footnotes":""},"class_list":["post-1330","page","type-page","status-publish","hentry"],"yoast_head":"<title>Managed Services - DigiTurunc<\/title>\n<meta name=\"robots\" content=\"index, follow, max-snippet:-1, max-image-preview:large, max-video-preview:-1\" \/>\n<link rel=\"canonical\" href=\"https:\/\/www.digiturunc.com\/tr\/products\/managed-services\/\" \/>\n<meta property=\"og:locale\" content=\"tr_TR\" \/>\n<meta property=\"og:type\" content=\"article\" \/>\n<meta property=\"og:title\" content=\"Managed Services - DigiTurunc\" \/>\n<meta property=\"og:url\" content=\"https:\/\/www.digiturunc.com\/tr\/products\/managed-services\/\" \/>\n<meta property=\"og:site_name\" content=\"DigiTurunc\" \/>\n<meta property=\"article:modified_time\" content=\"2021-08-21T16:22:11+00:00\" \/>\n<meta name=\"twitter:card\" content=\"summary_large_image\" \/>\n<meta name=\"twitter:site\" content=\"@digiturunc\" \/>\n<script type=\"application\/ld+json\" class=\"yoast-schema-graph\">{\"@context\":\"https:\/\/schema.org\",\"@graph\":[{\"@type\":\"WebPage\",\"@id\":\"https:\/\/www.digiturunc.com\/tr\/products\/managed-services\/\",\"url\":\"https:\/\/www.digiturunc.com\/tr\/products\/managed-services\/\",\"name\":\"Managed Services - DigiTurunc\",\"isPartOf\":{\"@id\":\"https:\/\/www.digiturunc.com\/tr\/#website\"},\"datePublished\":\"2021-08-21T16:22:09+00:00\",\"dateModified\":\"2021-08-21T16:22:11+00:00\",\"breadcrumb\":{\"@id\":\"https:\/\/www.digiturunc.com\/tr\/products\/managed-services\/#breadcrumb\"},\"inLanguage\":\"tr\",\"potentialAction\":[{\"@type\":\"ReadAction\",\"target\":[\"https:\/\/www.digiturunc.com\/tr\/products\/managed-services\/\"]}]},{\"@type\":\"BreadcrumbList\",\"@id\":\"https:\/\/www.digiturunc.com\/tr\/products\/managed-services\/#breadcrumb\",\"itemListElement\":[{\"@type\":\"ListItem\",\"position\":1,\"name\":\"Anasayfa\",\"item\":\"https:\/\/www.digiturunc.com\/tr\/\"},{\"@type\":\"ListItem\",\"position\":2,\"name\":\"\u00dcr\u00fcnler\",\"item\":\"https:\/\/www.digiturunc.com\/tr\/products\/\"},{\"@type\":\"ListItem\",\"position\":3,\"name\":\"Managed Services\"}]},{\"@type\":\"WebSite\",\"@id\":\"https:\/\/www.digiturunc.com\/tr\/#website\",\"url\":\"https:\/\/www.digiturunc.com\/tr\/\",\"name\":\"DigiTurunc\",\"description\":\"Cloud Hosting , VDS Services , Dedicated Server\",\"potentialAction\":[{\"@type\":\"SearchAction\",\"target\":{\"@type\":\"EntryPoint\",\"urlTemplate\":\"https:\/\/www.digiturunc.com\/tr\/?s={search_term_string}\"},\"query-input\":{\"@type\":\"PropertyValueSpecification\",\"valueRequired\":true,\"valueName\":\"search_term_string\"}}],\"inLanguage\":\"tr\"}]}<\/script>","yoast_head_json":{"title":"Managed Services - DigiTurunc","robots":{"index":"index","follow":"follow","max-snippet":"max-snippet:-1","max-image-preview":"max-image-preview:large","max-video-preview":"max-video-preview:-1"},"canonical":"https:\/\/www.digiturunc.com\/tr\/products\/managed-services\/","og_locale":"tr_TR","og_type":"article","og_title":"Managed Services - DigiTurunc","og_url":"https:\/\/www.digiturunc.com\/tr\/products\/managed-services\/","og_site_name":"DigiTurunc","article_modified_time":"2021-08-21T16:22:11+00:00","twitter_card":"summary_large_image","twitter_site":"@digiturunc","schema":{"@context":"https:\/\/schema.org","@graph":[{"@type":"WebPage","@id":"https:\/\/www.digiturunc.com\/tr\/products\/managed-services\/","url":"https:\/\/www.digiturunc.com\/tr\/products\/managed-services\/","name":"Managed Services - DigiTurunc","isPartOf":{"@id":"https:\/\/www.digiturunc.com\/tr\/#website"},"datePublished":"2021-08-21T16:22:09+00:00","dateModified":"2021-08-21T16:22:11+00:00","breadcrumb":{"@id":"https:\/\/www.digiturunc.com\/tr\/products\/managed-services\/#breadcrumb"},"inLanguage":"tr","potentialAction":[{"@type":"ReadAction","target":["https:\/\/www.digiturunc.com\/tr\/products\/managed-services\/"]}]},{"@type":"BreadcrumbList","@id":"https:\/\/www.digiturunc.com\/tr\/products\/managed-services\/#breadcrumb","itemListElement":[{"@type":"ListItem","position":1,"name":"Anasayfa","item":"https:\/\/www.digiturunc.com\/tr\/"},{"@type":"ListItem","position":2,"name":"\u00dcr\u00fcnler","item":"https:\/\/www.digiturunc.com\/tr\/products\/"},{"@type":"ListItem","position":3,"name":"Managed Services"}]},{"@type":"WebSite","@id":"https:\/\/www.digiturunc.com\/tr\/#website","url":"https:\/\/www.digiturunc.com\/tr\/","name":"DigiTurunc","description":"Cloud Hosting , VDS Services , Dedicated Server","potentialAction":[{"@type":"SearchAction","target":{"@type":"EntryPoint","urlTemplate":"https:\/\/www.digiturunc.com\/tr\/?s={search_term_string}"},"query-input":{"@type":"PropertyValueSpecification","valueRequired":true,"valueName":"search_term_string"}}],"inLanguage":"tr"}]}},"_links":{"self":[{"href":"https:\/\/www.digiturunc.com\/tr\/wp-json\/wp\/v2\/pages\/1330","targetHints":{"allow":["GET"]}}],"collection":[{"href":"https:\/\/www.digiturunc.com\/tr\/wp-json\/wp\/v2\/pages"}],"about":[{"href":"https:\/\/www.digiturunc.com\/tr\/wp-json\/wp\/v2\/types\/page"}],"author":[{"embeddable":true,"href":"https:\/\/www.digiturunc.com\/tr\/wp-json\/wp\/v2\/users\/2"}],"replies":[{"embeddable":true,"href":"https:\/\/www.digiturunc.com\/tr\/wp-json\/wp\/v2\/comments?post=1330"}],"version-history":[{"count":1,"href":"https:\/\/www.digiturunc.com\/tr\/wp-json\/wp\/v2\/pages\/1330\/revisions"}],"predecessor-version":[{"id":1331,"href":"https:\/\/www.digiturunc.com\/tr\/wp-json\/wp\/v2\/pages\/1330\/revisions\/1331"}],"up":[{"embeddable":true,"href":"https:\/\/www.digiturunc.com\/tr\/wp-json\/wp\/v2\/pages\/1277"}],"wp:attachment":[{"href":"https:\/\/www.digiturunc.com\/tr\/wp-json\/wp\/v2\/media?parent=1330"}],"curies":[{"name":"wp","href":"https:\/\/api.w.org\/{rel}","templated":true}]}}