{"id":1323,"date":"2021-08-21T16:14:08","date_gmt":"2021-08-21T16:14:08","guid":{"rendered":"https:\/\/www.digiturunc.com\/?page_id=1323"},"modified":"2023-09-17T13:50:26","modified_gmt":"2023-09-17T13:50:26","slug":"dedicated","status":"publish","type":"page","link":"https:\/\/www.digiturunc.com\/tr\/dedicated\/","title":{"rendered":"Dedicated Servers"},"content":{"rendered":"<div class=\"lazyblock-inner-page-banner-Z1B3vkH wp-block-lazyblock-inner-page-banner\"><div class=\"vps-banner-con col-xl-12\" style=\"background-image: url('https:\/\/cdn.digiturunc.com\/media\/vps-banner.png') !important;\">\r\n  <section class=\"container\">\r\n    <div class=\"row\">  \r\n        <div class=\"vps-banner color-fff col-xl-12\">\r\n            <div class=\"col-xl-6 col-lg-7 p-0 float-left\">\r\n                <h1 class=\"font-700 mb-3 pt-xl-5 pt-3\">\u00d6zel Sunucular<\/h1>\r\n                <p class=\"mb-0 font-400\">\u0130stanbul&#8217;da \u00e7ift dilli yerinde destek ekibi ile kendi veri merkezini i\u015fleten Digi Turun\u00e7, Avrupa, ABD, Asya&#8217;daki di\u011fer veri merkezleriyle i\u015fbirli\u011fi i\u00e7inde, bu sayede i\u015finizi \u00e7ok daha fazla b\u00fcy\u00fctmek i\u00e7in fantastik ortak kullan\u0131m paketlerimizi kullanabilirsiniz!<\/p>                    \r\n            <\/div>\r\n            <div class=\"col-xl-6 col-lg-5 float-left text-right vps-mascot\"><img decoding=\"async\" src=\"https:\/\/cdn.digiturunc.com\/media\/digiturunc-mascot-01.png\" alt=\"\" \/><\/div>\r\n        <!-- vps-banner -->\r\n        <\/div>\r\n    <!-- row -->\r\n    <\/div>\r\n    <!-- container -->\r\n    <\/section>\r\n<!-- vps-banner-con -->\r\n<\/div><\/div>\n\n<div class=\"lazyblock-license-list-Z1KRz10 wp-block-lazyblock-license-list\"><div class=\"main-box padding-top text-center padding-bottom\">\r\n    <section class=\"container\">\r\n\t  \t  \t        <div class=\"row\">\r\n\r\n                                     <div class=\"col-xl-3 col-lg-6 mt-4 text-center flex-box\">\r\n                        <aside class=\"vps-tab-box col-xl-12 background-fff float-left\">\r\n                            <figure class=\"mb-xl-4 mb-3 mr-3 float-left\" data-aos=\"flip-right\" data-aos-duration=\"700\"><img decoding=\"async\" src=\"https:\/\/cdn.digiturunc.com\/media\/turkish2.png\" alt=\"\" height=\"48px\"\/><\/figure>\r\n                            <h4 class=\"mb-xl-4 mb-3 font-700 text-left w-100 color-333\" data-aos=\"fade-up\" data-aos-duration=\"700\">Turkey, Istanbul<\/h4>\r\n                                <div class=\"clearfix\"><\/div>\r\n                            <p class=\"mb-xl-4 mb-3 text-left\" data-aos=\"fade-up\" data-aos-duration=\"750\">\r\n\t\t\t\t\t\t\tDigi Turun\u00e7 Juniper Networks ve Corero DDoS Protection&#8217;\u0131n yard\u0131m\u0131yla \u0130stanbul&#8217;da kendi veri merkezini i\u015fletiyor. D\u00fcnya \u00e7ap\u0131nda bir\u00e7ok \u0130SS ile \u00f6zel e\u015flememiz var ve Tier1 IP Transit&#8217;leri kullanarak her t\u00fcr m\u00fc\u015fteriye d\u00fc\u015f\u00fck gecikme s\u00fcreli ve ddos korumal\u0131 a\u011f sunabiliyoruz.\t\t\t\t\t\t\t<\/p>\r\n                            <div data-aos=\"fade-up\" data-aos-duration=\"800\" class=\"default-button yellow-button float-left\"><a class=\"color-fff font-700\" href=\"https:\/\/www.digiturunc.com\/dedicated\/turkey\/\">VIEW PACKAGES<\/a><\/div>\r\n                        <!-- vps-tab-box -->\r\n                        <\/aside>\r\n                    <\/div>\r\n\t\t\t\t\t\r\n\t\t\t\t  \r\n\t\t\t\t  \t\t\t\t  \r\n                                      <div class=\"col-xl-3 col-lg-6 mt-4 text-center flex-box\">\r\n                        <aside class=\"vps-tab-box col-xl-12 background-fff float-left\">\r\n                            <figure class=\"mb-xl-4 mb-3 mr-3 float-left\" data-aos=\"flip-right\" data-aos-duration=\"700\"><img decoding=\"async\" src=\"https:\/\/cdn.digiturunc.com\/media\/bulgaria.png\" alt=\"\" height=\"48px\"\/><\/figure>\r\n                            <h4 class=\"mb-xl-4 mb-3 font-700 text-left w-100 color-333\" data-aos=\"fade-up\" data-aos-duration=\"700\">Bulgaria, Sofia<\/h4>\r\n                                <div class=\"clearfix\"><\/div>\r\n                            <p class=\"mb-xl-4 mb-3 text-left\" data-aos=\"fade-up\" data-aos-duration=\"750\">\r\n\t\t\t\t\t\t\tDigi Turunc Bulgaristan&#8217;da TierIII veri merkezleriyle ve Juniper Networks ve Corero DDoS Korumas\u0131n\u0131n yard\u0131m\u0131yla kendi kafeslerini i\u015fletiyor. D\u00fcnya \u00e7ap\u0131nda bir\u00e7ok \u0130SS ile \u00f6zel e\u015flememiz var ve Tier1 IP Transit&#8217;leri kullanarak her t\u00fcr m\u00fc\u015fteriye d\u00fc\u015f\u00fck gecikme s\u00fcreli ve ddos korumal\u0131 a\u011f sunabiliyoruz.\t\t\t\t\t\t\t<\/p>\r\n                            <div data-aos=\"fade-up\" data-aos-duration=\"800\" class=\"default-button yellow-button float-left\"><a class=\"color-fff font-700\" href=\"https:\/\/www.digiturunc.com\/dedicated\/bulgaria\/\">VIEW PACKAGES<\/a><\/div>\r\n                        <!-- vps-tab-box -->\r\n                        <\/aside>\r\n                    <\/div>\r\n\t\t\t\t\t\r\n\t\t\t\t  \r\n\t\t\t\t  \t\t\t\t  \r\n                                      <div class=\"col-xl-3 col-lg-6 mt-4 text-center flex-box\">\r\n                        <aside class=\"vps-tab-box col-xl-12 background-fff float-left\">\r\n                            <figure class=\"mb-xl-4 mb-3 mr-3 float-left\" data-aos=\"flip-right\" data-aos-duration=\"700\"><img decoding=\"async\" src=\"https:\/\/cdn.digiturunc.com\/media\/the-netherlands-flag.png\" alt=\"\" height=\"48px\"\/><\/figure>\r\n                            <h4 class=\"mb-xl-4 mb-3 font-700 text-left w-100 color-333\" data-aos=\"fade-up\" data-aos-duration=\"700\">The Netherlands, Amsterdam<\/h4>\r\n                                <div class=\"clearfix\"><\/div>\r\n                            <p class=\"mb-xl-4 mb-3 text-left\" data-aos=\"fade-up\" data-aos-duration=\"750\">\r\n\t\t\t\t\t\t\tDigi Turunc Amsterdam&#8217;da TierIII veri merkezleriyle ve Juniper Networks ve Corero DDoS Korumas\u0131n\u0131n yard\u0131m\u0131yla kendi kafeslerini i\u015fletiyor. D\u00fcnya \u00e7ap\u0131nda bir\u00e7ok \u0130SS ile \u00f6zel e\u015flememiz var ve Tier1 IP Transit&#8217;leri kullanarak her t\u00fcr m\u00fc\u015fteriye d\u00fc\u015f\u00fck gecikme s\u00fcreli ve ddos korumal\u0131 a\u011f sunabiliyoruz.\t\t\t\t\t\t\t<\/p>\r\n                            <div data-aos=\"fade-up\" data-aos-duration=\"800\" class=\"default-button yellow-button float-left\"><a class=\"color-fff font-700\" href=\"https:\/\/www.digiturunc.com\/dedicated\/netherlands\/\">VIEW PACKAGES<\/a><\/div>\r\n                        <!-- vps-tab-box -->\r\n                        <\/aside>\r\n                    <\/div>\r\n\t\t\t\t\t\r\n\t\t\t\t  \r\n\t\t\t\t  \t\t\t\t  \r\n                                      <div class=\"col-xl-3 col-lg-6 mt-4 text-center flex-box\">\r\n                        <aside class=\"vps-tab-box col-xl-12 background-fff float-left\">\r\n                            <figure class=\"mb-xl-4 mb-3 mr-3 float-left\" data-aos=\"flip-right\" data-aos-duration=\"700\"><img decoding=\"async\" src=\"https:\/\/cdn.digiturunc.com\/media\/flag1.png\" alt=\"\" height=\"48px\"\/><\/figure>\r\n                            <h4 class=\"mb-xl-4 mb-3 font-700 text-left w-100 color-333\" data-aos=\"fade-up\" data-aos-duration=\"700\">Dedicated Game Server<\/h4>\r\n                                <div class=\"clearfix\"><\/div>\r\n                            <p class=\"mb-xl-4 mb-3 text-left\" data-aos=\"fade-up\" data-aos-duration=\"750\">\r\n\t\t\t\t\t\t\tKendi b\u00fcnyemizde bulunan <a href=\"https:\/\/www.digiturunc.com\/tr\/ddos-protection\/\">DDoS Koruma<\/a> donan\u0131m\u0131m\u0131z ile, \u0130stanbul&#8217;un kalbinde, ultra d\u00fc\u015f\u00fck gecikme s\u00fcreli hizmetler ile, yurt i\u00e7i veya yurt d\u0131\u015f\u0131 her t\u00fcrl\u00fc DDoS sald\u0131r\u0131s\u0131 endi\u015fesi duymadan, kullan\u0131c\u0131lar\u0131n\u0131za <a href=\"https:\/\/www.digiturunc.com\/tr\/vps\/cloud-game-vds\/\">oyun VPS<\/a>&#8216;si satmak i\u00e7in oyun sunucunuzda bir adet sanal makine \u00e7al\u0131\u015ft\u0131rabilirsiniz. !\t\t\t\t\t\t\t<\/p>\r\n                            <div data-aos=\"fade-up\" data-aos-duration=\"800\" class=\"default-button yellow-button float-left\"><a class=\"color-fff font-700\" href=\"https:\/\/www.digiturunc.com\/dedicated\/gameserver\/\">VIEW PACKAGES<\/a><\/div>\r\n                        <!-- vps-tab-box -->\r\n                        <\/aside>\r\n                    <\/div>\r\n\t\t\t\t\t\r\n\t\t\t\t  \r\n\t\t\t\t  \r\n      <!-- row -->\r\n      <\/div>\r\n\t      <!-- container -->\r\n    <\/section>  \r\n<!-- main-box -->\r\n<\/div>\r\n<\/div>\n\n<div class=\"lazyblock-features-1XfiW4 wp-block-lazyblock-features\"><div class=\"main-box padding-top text-center background-fdf6d5 padding-bottom\">\r\n    <section class=\"container\">\r\n      <div class=\"row\">\r\n        <div class=\"available-features col-xl-12 font-18 color-333\">\r\n            <h3 class=\"mb-4 font-700 w-100\" data-aos=\"fade-up\" data-aos-duration=\"700\"><\/h3>\r\n            <ul class=\"mb-0 list-unstyled float-left font-300 text-left col-xl-4\"  data-aos=\"fade-up\" data-aos-duration=\"700\">\r\n\t\t\t\t                \t<li>\u00dccretsiz Yedekleme Alan\u0131<\/li>\r\n                                \t<li>DDoS Korumas\u0131<\/li>\r\n                                \t<li>Web Konsolu Eri\u015fimi<\/li>\r\n                            <\/ul>\r\n            <ul class=\"mb-0 list-unstyled float-left font-300  text-left col-xl-4\"  data-aos=\"fade-up\" data-aos-duration=\"1000\">\r\n\t\t\t\t                \t<li>Eri\u015fimi Yeniden Ba\u015flatma<\/li>\r\n                                \t<li>Kapatma\/G\u00fc\u00e7 Kapatma\/\u00d6ny\u00fckleme Eri\u015fimi<\/li>\r\n                                \t<li>\u00c7evrim \u0130\u00e7i BW Kullan\u0131m Grafi\u011fi<\/li>\r\n                            <\/ul>\r\n            <ul class=\"mb-0 list-unstyled float-left font-300 text-left col-xl-4\"  data-aos=\"fade-up\" data-aos-duration=\"1200\">\r\n\t\t\t\t                \t<li>SSD S\u00fcr\u00fcc\u00fcs\u00fc<\/li>\r\n                                \t<li>Opsiyonel OS<\/li>\r\n                                \t<li>DDoS Kontrol Paneli<\/li>\r\n                            <\/ul>\r\n            <span class=\"d-inline-block mt-4 font-700\" data-aos=\"fade-up\" data-aos-duration=\"1200\">Her bir \u00fcr\u00fcn\u00fcn sayfas\u0131nda daha fazla \u00f6zellik g\u00f6rebilirsiniz.<\/span>\r\n        <\/div>\r\n      <!-- row -->\r\n      <\/div>\r\n    <!-- container -->\r\n    <\/section>  \r\n<!-- main-box -->\r\n<\/div>\r\n<\/div>\n\n<div class=\"lazyblock-faq-W8TWm wp-block-lazyblock-faq\"><div class=\"main-box padding-top text-center padding-bottom\">\r\n    <section class=\"container\">\r\n      <div class=\"row\">\r\n        <h2 class=\"font-700 mb-xl-5 mb-3 w-100 color-333\" data-aos=\"fade-up\" data-aos-duration=\"700\">\r\n            S\u0131k\u00e7a Sorulan Sorular            <\/h2>\r\n        <div id=\"accordion\" class=\"text-left col-xl-12 font-300\">\r\n        \r\n\t\t\r\n         \r\n                <div class=\"card mb-3 background-fff\"  data-aos=\"fade-up\" data-aos-duration=\"700\">\r\n                <div class=\"card-header\" id=\"heading1\">\r\n                  <h5 class=\"mb-0\">\r\n                    <button class=\"btn btn-link \" data-toggle=\"collapse\" data-target=\"#collapse1\" aria-expanded=\"true\" aria-controls=\"collapse1\">\r\n                      Sanal sunucu nedir?                    <\/button>\r\n                  <\/h5>\r\n                <\/div>          \r\n                <div id=\"collapse1\" class=\"collapse show \" aria-labelledby=\"heading1\" data-parent=\"#accordion\">\r\n                  <div class=\"card-body\">\r\n                      <p class=\"mb-0\">Sanal sunucu, fiziksel sunucuya benzer, ancak daha d\u00fc\u015f\u00fck bir fiyata sahiptir. Asl\u0131nda sanal bir sunucuda size \u00f6zel bir (fiziksel) sunucudaki t\u00fcm olanaklar sa\u011flanacak olup aradaki fark, bunun i\u00e7in daha d\u00fc\u015f\u00fck bir fiyat \u00f6demenizdir.<\/p>\r\n                  <\/div>\r\n                <\/div>\r\n              <\/div>\r\n\r\n            \r\n         \r\n                <div class=\"card mb-3 background-fff\"  data-aos=\"fade-up\" data-aos-duration=\"800\">\r\n                <div class=\"card-header\" id=\"heading2\">\r\n                  <h5 class=\"mb-0\">\r\n                    <button class=\"btn btn-link collapsed \" data-toggle=\"collapse\" data-target=\"#collapse2\" aria-expanded=\"true\" aria-controls=\"collapse2\">\r\n                      Windows ve Linux sanal sunucular\u0131 aras\u0131ndaki fark nedir?                    <\/button>\r\n                  <\/h5>\r\n                <\/div>          \r\n                <div id=\"collapse2\" class=\"collapse \" aria-labelledby=\"heading2\" data-parent=\"#accordion\">\r\n                  <div class=\"card-body\">\r\n                      <p class=\"mb-0\">Bu iki sunucunun yap\u0131 ve a\u011f a\u00e7\u0131s\u0131ndan hi\u00e7bir fark\u0131 bulunmamaktad\u0131r. Bununla birlikte, y\u00fckleyebilece\u011finiz i\u015fletim sistemi a\u00e7\u0131s\u0131ndan farkl\u0131l\u0131k g\u00f6stermektedir.<\/p>\r\n                  <\/div>\r\n                <\/div>\r\n              <\/div>\r\n\r\n            \r\n         \r\n                <div class=\"card mb-3 background-fff\"  data-aos=\"fade-up\" data-aos-duration=\"900\">\r\n                <div class=\"card-header\" id=\"heading3\">\r\n                  <h5 class=\"mb-0\">\r\n                    <button class=\"btn btn-link collapsed \" data-toggle=\"collapse\" data-target=\"#collapse3\" aria-expanded=\"true\" aria-controls=\"collapse3\">\r\n                      Gelecekte sanal sunucu paketini y\u00fckseltmek m\u00fcmk\u00fcn m\u00fcd\u00fcr?                    <\/button>\r\n                  <\/h5>\r\n                <\/div>          \r\n                <div id=\"collapse3\" class=\"collapse \" aria-labelledby=\"heading3\" data-parent=\"#accordion\">\r\n                  <div class=\"card-body\">\r\n                      <p class=\"mb-0\">Evet, sat\u0131n ald\u0131\u011f\u0131n\u0131z sunucu plan\u0131n\u0131 diledi\u011finiz zaman \u00fcst seviyelere y\u00fckseltebilirsiniz.<\/p>\r\n                  <\/div>\r\n                <\/div>\r\n              <\/div>\r\n\r\n            \r\n         \r\n                <div class=\"card mb-3 background-fff\"  data-aos=\"fade-up\" data-aos-duration=\"1000\">\r\n                <div class=\"card-header\" id=\"heading4\">\r\n                  <h5 class=\"mb-0\">\r\n                    <button class=\"btn btn-link collapsed \" data-toggle=\"collapse\" data-target=\"#collapse4\" aria-expanded=\"true\" aria-controls=\"collapse4\">\r\n                      VDS nedir?                    <\/button>\r\n                  <\/h5>\r\n                <\/div>          \r\n                <div id=\"collapse4\" class=\"collapse \" aria-labelledby=\"heading4\" data-parent=\"#accordion\">\r\n                  <div class=\"card-body\">\r\n                      <p class=\"mb-0\">VDS, tahsis edilen donan\u0131m kaynaklar\u0131n\u0131n t\u00fcm\u00fcyle \u00f6zel olmas\u0131 ve daha y\u00fcksek kalite ve tutarl\u0131l\u0131\u011fa sahip olmas\u0131 d\u0131\u015f\u0131nda, sanal sunuculara benzemektedir.<\/p>\r\n                  <\/div>\r\n                <\/div>\r\n              <\/div>\r\n\r\n                        \r\n            \r\n           \r\n            \r\n            \r\n            \r\n          <\/div>\r\n      <!-- row -->\r\n      <\/div>\r\n    <!-- container -->\r\n    <\/section>  \r\n<!-- main-box -->\r\n<\/div><\/div>","protected":false},"excerpt":{"rendered":"","protected":false},"author":2,"featured_media":0,"parent":0,"menu_order":0,"comment_status":"closed","ping_status":"closed","template":"","meta":{"menu_relation_product":"","footnotes":""},"class_list":["post-1323","page","type-page","status-publish","hentry"],"yoast_head":"<title>Engagierte Server T\u00fcrkei, Bulgarien - Digi Turunc<\/title>\n<meta name=\"description\" content=\"Digi Turunc betreibt mit Bilingual vor Ort ein eigenes Truthahn-Rechenzentrum f\u00fcr dedizierte Server in Istanbul und unterst\u00fctzt das\" \/>\n<meta name=\"robots\" content=\"index, follow, max-snippet:-1, max-image-preview:large, max-video-preview:-1\" \/>\n<link rel=\"canonical\" href=\"https:\/\/www.digiturunc.com\/tr\/dedicated\/\" \/>\n<meta property=\"og:locale\" content=\"tr_TR\" \/>\n<meta property=\"og:type\" content=\"article\" \/>\n<meta property=\"og:title\" content=\"Engagierte Server T\u00fcrkei, Bulgarien - Digi Turunc\" \/>\n<meta property=\"og:description\" content=\"Digi Turunc betreibt mit Bilingual vor Ort ein eigenes Truthahn-Rechenzentrum f\u00fcr dedizierte Server in Istanbul und unterst\u00fctzt das\" \/>\n<meta property=\"og:url\" content=\"https:\/\/www.digiturunc.com\/tr\/dedicated\/\" \/>\n<meta property=\"og:site_name\" content=\"DigiTurunc\" \/>\n<meta property=\"article:modified_time\" content=\"2023-09-17T13:50:26+00:00\" \/>\n<meta name=\"twitter:card\" content=\"summary_large_image\" \/>\n<meta name=\"twitter:site\" content=\"@digiturunc\" \/>\n<script type=\"application\/ld+json\" class=\"yoast-schema-graph\">{\"@context\":\"https:\/\/schema.org\",\"@graph\":[{\"@type\":\"WebPage\",\"@id\":\"https:\/\/www.digiturunc.com\/tr\/dedicated\/\",\"url\":\"https:\/\/www.digiturunc.com\/tr\/dedicated\/\",\"name\":\"Engagierte Server T\u00fcrkei, Bulgarien - Digi Turunc\",\"isPartOf\":{\"@id\":\"https:\/\/www.digiturunc.com\/tr\/#website\"},\"datePublished\":\"2021-08-21T16:14:08+00:00\",\"dateModified\":\"2023-09-17T13:50:26+00:00\",\"description\":\"Digi Turunc betreibt mit Bilingual vor Ort ein eigenes Truthahn-Rechenzentrum f\u00fcr dedizierte Server in Istanbul und unterst\u00fctzt das\",\"breadcrumb\":{\"@id\":\"https:\/\/www.digiturunc.com\/tr\/dedicated\/#breadcrumb\"},\"inLanguage\":\"tr\",\"potentialAction\":[{\"@type\":\"ReadAction\",\"target\":[\"https:\/\/www.digiturunc.com\/tr\/dedicated\/\"]}]},{\"@type\":\"BreadcrumbList\",\"@id\":\"https:\/\/www.digiturunc.com\/tr\/dedicated\/#breadcrumb\",\"itemListElement\":[{\"@type\":\"ListItem\",\"position\":1,\"name\":\"Anasayfa\",\"item\":\"https:\/\/www.digiturunc.com\/tr\/\"},{\"@type\":\"ListItem\",\"position\":2,\"name\":\"Dedicated Servers\"}]},{\"@type\":\"WebSite\",\"@id\":\"https:\/\/www.digiturunc.com\/tr\/#website\",\"url\":\"https:\/\/www.digiturunc.com\/tr\/\",\"name\":\"DigiTurunc\",\"description\":\"Cloud Hosting , VDS Services , Dedicated Server\",\"potentialAction\":[{\"@type\":\"SearchAction\",\"target\":{\"@type\":\"EntryPoint\",\"urlTemplate\":\"https:\/\/www.digiturunc.com\/tr\/?s={search_term_string}\"},\"query-input\":{\"@type\":\"PropertyValueSpecification\",\"valueRequired\":true,\"valueName\":\"search_term_string\"}}],\"inLanguage\":\"tr\"}]}<\/script>","yoast_head_json":{"title":"Engagierte Server T\u00fcrkei, Bulgarien - Digi Turunc","description":"Digi Turunc betreibt mit Bilingual vor Ort ein eigenes Truthahn-Rechenzentrum f\u00fcr dedizierte Server in Istanbul und unterst\u00fctzt das","robots":{"index":"index","follow":"follow","max-snippet":"max-snippet:-1","max-image-preview":"max-image-preview:large","max-video-preview":"max-video-preview:-1"},"canonical":"https:\/\/www.digiturunc.com\/tr\/dedicated\/","og_locale":"tr_TR","og_type":"article","og_title":"Engagierte Server T\u00fcrkei, Bulgarien - Digi Turunc","og_description":"Digi Turunc betreibt mit Bilingual vor Ort ein eigenes Truthahn-Rechenzentrum f\u00fcr dedizierte Server in Istanbul und unterst\u00fctzt das","og_url":"https:\/\/www.digiturunc.com\/tr\/dedicated\/","og_site_name":"DigiTurunc","article_modified_time":"2023-09-17T13:50:26+00:00","twitter_card":"summary_large_image","twitter_site":"@digiturunc","schema":{"@context":"https:\/\/schema.org","@graph":[{"@type":"WebPage","@id":"https:\/\/www.digiturunc.com\/tr\/dedicated\/","url":"https:\/\/www.digiturunc.com\/tr\/dedicated\/","name":"Engagierte Server T\u00fcrkei, Bulgarien - Digi Turunc","isPartOf":{"@id":"https:\/\/www.digiturunc.com\/tr\/#website"},"datePublished":"2021-08-21T16:14:08+00:00","dateModified":"2023-09-17T13:50:26+00:00","description":"Digi Turunc betreibt mit Bilingual vor Ort ein eigenes Truthahn-Rechenzentrum f\u00fcr dedizierte Server in Istanbul und unterst\u00fctzt das","breadcrumb":{"@id":"https:\/\/www.digiturunc.com\/tr\/dedicated\/#breadcrumb"},"inLanguage":"tr","potentialAction":[{"@type":"ReadAction","target":["https:\/\/www.digiturunc.com\/tr\/dedicated\/"]}]},{"@type":"BreadcrumbList","@id":"https:\/\/www.digiturunc.com\/tr\/dedicated\/#breadcrumb","itemListElement":[{"@type":"ListItem","position":1,"name":"Anasayfa","item":"https:\/\/www.digiturunc.com\/tr\/"},{"@type":"ListItem","position":2,"name":"Dedicated Servers"}]},{"@type":"WebSite","@id":"https:\/\/www.digiturunc.com\/tr\/#website","url":"https:\/\/www.digiturunc.com\/tr\/","name":"DigiTurunc","description":"Cloud Hosting , VDS Services , Dedicated Server","potentialAction":[{"@type":"SearchAction","target":{"@type":"EntryPoint","urlTemplate":"https:\/\/www.digiturunc.com\/tr\/?s={search_term_string}"},"query-input":{"@type":"PropertyValueSpecification","valueRequired":true,"valueName":"search_term_string"}}],"inLanguage":"tr"}]}},"_links":{"self":[{"href":"https:\/\/www.digiturunc.com\/tr\/wp-json\/wp\/v2\/pages\/1323","targetHints":{"allow":["GET"]}}],"collection":[{"href":"https:\/\/www.digiturunc.com\/tr\/wp-json\/wp\/v2\/pages"}],"about":[{"href":"https:\/\/www.digiturunc.com\/tr\/wp-json\/wp\/v2\/types\/page"}],"author":[{"embeddable":true,"href":"https:\/\/www.digiturunc.com\/tr\/wp-json\/wp\/v2\/users\/2"}],"replies":[{"embeddable":true,"href":"https:\/\/www.digiturunc.com\/tr\/wp-json\/wp\/v2\/comments?post=1323"}],"version-history":[{"count":8,"href":"https:\/\/www.digiturunc.com\/tr\/wp-json\/wp\/v2\/pages\/1323\/revisions"}],"predecessor-version":[{"id":1944,"href":"https:\/\/www.digiturunc.com\/tr\/wp-json\/wp\/v2\/pages\/1323\/revisions\/1944"}],"wp:attachment":[{"href":"https:\/\/www.digiturunc.com\/tr\/wp-json\/wp\/v2\/media?parent=1323"}],"curies":[{"name":"wp","href":"https:\/\/api.w.org\/{rel}","templated":true}]}}